{"id":9992,"date":"2025-03-25T09:47:31","date_gmt":"2025-03-25T08:47:31","guid":{"rendered":"https:\/\/rmgroup.es\/barcelona\/producto\/luxardo-espresso-martini-bot-12x200ml\/"},"modified":"2026-03-02T12:14:00","modified_gmt":"2026-03-02T11:14:00","slug":"luxardo-espresso-martini-bot-12x200ml-15","status":"publish","type":"product","link":"https:\/\/rmgroup.es\/barcelona\/producto\/luxardo-espresso-martini-bot-12x200ml-15\/","title":{"rendered":"Luxardo Espresso Martini Bot.12x200ml 15%"},"content":{"rendered":"<p>C\u00f3ctel cl\u00e1sico y refrescante. El Luxardo Espresso Martini combina el Vodka Luxardo e infusi\u00f3n de caf\u00e9, logrando convertirse en unn \u201cnuevo cl\u00e1sico\u201d. Se recomienda servirlo con hielo y adornarlo con unos tres granos de caf\u00e9.<\/p>\n","protected":false},"excerpt":{"rendered":"<p>C\u00f3ctel cl\u00e1sico y refrescante. El Luxardo Espresso Martini combina el Vodka Luxardo e infusi\u00f3n de caf\u00e9, logrando convertirse en unn \u201cnuevo cl\u00e1sico\u201d. Se recomienda servirlo&#8230;<\/p>\n","protected":false},"featured_media":9951,"comment_status":"closed","ping_status":"open","template":"","meta":{"_joinchat":[]},"etheme_brands":[{"term_id":165,"name":"Luxardo","slug":"luxardo","term_group":0,"term_taxonomy_id":165,"taxonomy":"brand","description":"","parent":0,"count":36,"filter":"raw"}],"product_brand":[],"product_cat":[252,262],"product_tag":[98],"class_list":{"0":"post-9992","1":"product","2":"type-product","3":"status-publish","4":"has-post-thumbnail","6":"brand-luxardo","7":"product_cat-bebidas","8":"product_cat-rts-bebidas","9":"product_tag-lu-luxardo","10":"pa_unidades-1-unidad","11":"pa_unidades-1-unidad12-unidades","12":"pa_unidades-12-unidades","14":"first","15":"instock","16":"taxable","17":"shipping-taxable","18":"purchasable","19":"product-type-variable"},"yoast_head":"<!-- This site is optimized with the Yoast SEO plugin v27.2 - https:\/\/yoast.com\/product\/yoast-seo-wordpress\/ -->\n<title>Luxardo Espresso Martini Bot.12x200ml 15% - RMGroup Barcelona<\/title>\n<meta name=\"robots\" content=\"index, follow, max-snippet:-1, max-image-preview:large, max-video-preview:-1\" \/>\n<link rel=\"canonical\" href=\"https:\/\/rmgroup.es\/barcelona\/producto\/luxardo-espresso-martini-bot-12x200ml-15\/\" \/>\n<meta property=\"og:locale\" content=\"es_ES\" \/>\n<meta property=\"og:type\" content=\"article\" \/>\n<meta property=\"og:title\" content=\"Luxardo Espresso Martini Bot.12x200ml 15% - RMGroup Barcelona\" \/>\n<meta property=\"og:description\" content=\"C\u00f3ctel cl\u00e1sico y refrescante. El Luxardo Espresso Martini combina el Vodka Luxardo e infusi\u00f3n de caf\u00e9, logrando convertirse en unn \u201cnuevo cl\u00e1sico\u201d. Se recomienda servirlo...\" \/>\n<meta property=\"og:url\" content=\"https:\/\/rmgroup.es\/barcelona\/producto\/luxardo-espresso-martini-bot-12x200ml-15\/\" \/>\n<meta property=\"og:site_name\" content=\"RMGroup Barcelona\" \/>\n<meta property=\"article:modified_time\" content=\"2026-03-02T11:14:00+00:00\" \/>\n<meta property=\"og:image\" content=\"https:\/\/rmgroup.es\/barcelona\/wp-content\/uploads\/sites\/2\/2025\/01\/Luxardo-Espresso-Martini-Bot.12x200ml.jpg\" \/>\n\t<meta property=\"og:image:width\" content=\"850\" \/>\n\t<meta property=\"og:image:height\" content=\"850\" \/>\n\t<meta property=\"og:image:type\" content=\"image\/jpeg\" \/>\n<meta name=\"twitter:card\" content=\"summary_large_image\" \/>\n<script type=\"application\/ld+json\" class=\"yoast-schema-graph\">{\"@context\":\"https:\/\/schema.org\",\"@graph\":[{\"@type\":\"WebPage\",\"@id\":\"https:\/\/rmgroup.es\/barcelona\/producto\/luxardo-espresso-martini-bot-12x200ml-15\/\",\"url\":\"https:\/\/rmgroup.es\/barcelona\/producto\/luxardo-espresso-martini-bot-12x200ml-15\/\",\"name\":\"Luxardo Espresso Martini Bot.12x200ml 15% - RMGroup Barcelona\",\"isPartOf\":{\"@id\":\"https:\/\/rmgroup.es\/barcelona\/#website\"},\"primaryImageOfPage\":{\"@id\":\"https:\/\/rmgroup.es\/barcelona\/producto\/luxardo-espresso-martini-bot-12x200ml-15\/#primaryimage\"},\"image\":{\"@id\":\"https:\/\/rmgroup.es\/barcelona\/producto\/luxardo-espresso-martini-bot-12x200ml-15\/#primaryimage\"},\"thumbnailUrl\":\"https:\/\/rmgroup.es\/barcelona\/wp-content\/uploads\/sites\/2\/2025\/01\/Luxardo-Espresso-Martini-Bot.12x200ml.jpg\",\"datePublished\":\"2025-03-25T08:47:31+00:00\",\"dateModified\":\"2026-03-02T11:14:00+00:00\",\"breadcrumb\":{\"@id\":\"https:\/\/rmgroup.es\/barcelona\/producto\/luxardo-espresso-martini-bot-12x200ml-15\/#breadcrumb\"},\"inLanguage\":\"es\",\"potentialAction\":[{\"@type\":\"ReadAction\",\"target\":[\"https:\/\/rmgroup.es\/barcelona\/producto\/luxardo-espresso-martini-bot-12x200ml-15\/\"]}]},{\"@type\":\"ImageObject\",\"inLanguage\":\"es\",\"@id\":\"https:\/\/rmgroup.es\/barcelona\/producto\/luxardo-espresso-martini-bot-12x200ml-15\/#primaryimage\",\"url\":\"https:\/\/rmgroup.es\/barcelona\/wp-content\/uploads\/sites\/2\/2025\/01\/Luxardo-Espresso-Martini-Bot.12x200ml.jpg\",\"contentUrl\":\"https:\/\/rmgroup.es\/barcelona\/wp-content\/uploads\/sites\/2\/2025\/01\/Luxardo-Espresso-Martini-Bot.12x200ml.jpg\",\"width\":850,\"height\":850},{\"@type\":\"BreadcrumbList\",\"@id\":\"https:\/\/rmgroup.es\/barcelona\/producto\/luxardo-espresso-martini-bot-12x200ml-15\/#breadcrumb\",\"itemListElement\":[{\"@type\":\"ListItem\",\"position\":1,\"name\":\"Portada\",\"item\":\"https:\/\/rmgroup.es\/barcelona\/\"},{\"@type\":\"ListItem\",\"position\":2,\"name\":\"Tienda\",\"item\":\"https:\/\/rmgroup.es\/barcelona\/tienda\/\"},{\"@type\":\"ListItem\",\"position\":3,\"name\":\"Luxardo Espresso Martini Bot.12x200ml 15%\"}]},{\"@type\":\"WebSite\",\"@id\":\"https:\/\/rmgroup.es\/barcelona\/#website\",\"url\":\"https:\/\/rmgroup.es\/barcelona\/\",\"name\":\"RMGroup Barcelona\",\"description\":\"Tienda online de bebidas para empresas y aut\u00f3nomos\",\"publisher\":{\"@id\":\"https:\/\/rmgroup.es\/barcelona\/#organization\"},\"potentialAction\":[{\"@type\":\"SearchAction\",\"target\":{\"@type\":\"EntryPoint\",\"urlTemplate\":\"https:\/\/rmgroup.es\/barcelona\/?s={search_term_string}\"},\"query-input\":{\"@type\":\"PropertyValueSpecification\",\"valueRequired\":true,\"valueName\":\"search_term_string\"}}],\"inLanguage\":\"es\"},{\"@type\":\"Organization\",\"@id\":\"https:\/\/rmgroup.es\/barcelona\/#organization\",\"name\":\"RMGroup Barcelona\",\"url\":\"https:\/\/rmgroup.es\/barcelona\/\",\"logo\":{\"@type\":\"ImageObject\",\"inLanguage\":\"es\",\"@id\":\"https:\/\/rmgroup.es\/barcelona\/#\/schema\/logo\/image\/\",\"url\":\"https:\/\/rmgroup.es\/barcelona\/wp-content\/uploads\/sites\/2\/2024\/06\/logo-rmgroup.svg\",\"contentUrl\":\"https:\/\/rmgroup.es\/barcelona\/wp-content\/uploads\/sites\/2\/2024\/06\/logo-rmgroup.svg\",\"width\":474,\"height\":79,\"caption\":\"RMGroup Barcelona\"},\"image\":{\"@id\":\"https:\/\/rmgroup.es\/barcelona\/#\/schema\/logo\/image\/\"}}]}<\/script>\n<!-- \/ Yoast SEO plugin. -->","yoast_head_json":{"title":"Luxardo Espresso Martini Bot.12x200ml 15% - RMGroup Barcelona","robots":{"index":"index","follow":"follow","max-snippet":"max-snippet:-1","max-image-preview":"max-image-preview:large","max-video-preview":"max-video-preview:-1"},"canonical":"https:\/\/rmgroup.es\/barcelona\/producto\/luxardo-espresso-martini-bot-12x200ml-15\/","og_locale":"es_ES","og_type":"article","og_title":"Luxardo Espresso Martini Bot.12x200ml 15% - RMGroup Barcelona","og_description":"C\u00f3ctel cl\u00e1sico y refrescante. El Luxardo Espresso Martini combina el Vodka Luxardo e infusi\u00f3n de caf\u00e9, logrando convertirse en unn \u201cnuevo cl\u00e1sico\u201d. Se recomienda servirlo...","og_url":"https:\/\/rmgroup.es\/barcelona\/producto\/luxardo-espresso-martini-bot-12x200ml-15\/","og_site_name":"RMGroup Barcelona","article_modified_time":"2026-03-02T11:14:00+00:00","og_image":[{"width":850,"height":850,"url":"https:\/\/rmgroup.es\/barcelona\/wp-content\/uploads\/sites\/2\/2025\/01\/Luxardo-Espresso-Martini-Bot.12x200ml.jpg","type":"image\/jpeg"}],"twitter_card":"summary_large_image","schema":{"@context":"https:\/\/schema.org","@graph":[{"@type":"WebPage","@id":"https:\/\/rmgroup.es\/barcelona\/producto\/luxardo-espresso-martini-bot-12x200ml-15\/","url":"https:\/\/rmgroup.es\/barcelona\/producto\/luxardo-espresso-martini-bot-12x200ml-15\/","name":"Luxardo Espresso Martini Bot.12x200ml 15% - RMGroup Barcelona","isPartOf":{"@id":"https:\/\/rmgroup.es\/barcelona\/#website"},"primaryImageOfPage":{"@id":"https:\/\/rmgroup.es\/barcelona\/producto\/luxardo-espresso-martini-bot-12x200ml-15\/#primaryimage"},"image":{"@id":"https:\/\/rmgroup.es\/barcelona\/producto\/luxardo-espresso-martini-bot-12x200ml-15\/#primaryimage"},"thumbnailUrl":"https:\/\/rmgroup.es\/barcelona\/wp-content\/uploads\/sites\/2\/2025\/01\/Luxardo-Espresso-Martini-Bot.12x200ml.jpg","datePublished":"2025-03-25T08:47:31+00:00","dateModified":"2026-03-02T11:14:00+00:00","breadcrumb":{"@id":"https:\/\/rmgroup.es\/barcelona\/producto\/luxardo-espresso-martini-bot-12x200ml-15\/#breadcrumb"},"inLanguage":"es","potentialAction":[{"@type":"ReadAction","target":["https:\/\/rmgroup.es\/barcelona\/producto\/luxardo-espresso-martini-bot-12x200ml-15\/"]}]},{"@type":"ImageObject","inLanguage":"es","@id":"https:\/\/rmgroup.es\/barcelona\/producto\/luxardo-espresso-martini-bot-12x200ml-15\/#primaryimage","url":"https:\/\/rmgroup.es\/barcelona\/wp-content\/uploads\/sites\/2\/2025\/01\/Luxardo-Espresso-Martini-Bot.12x200ml.jpg","contentUrl":"https:\/\/rmgroup.es\/barcelona\/wp-content\/uploads\/sites\/2\/2025\/01\/Luxardo-Espresso-Martini-Bot.12x200ml.jpg","width":850,"height":850},{"@type":"BreadcrumbList","@id":"https:\/\/rmgroup.es\/barcelona\/producto\/luxardo-espresso-martini-bot-12x200ml-15\/#breadcrumb","itemListElement":[{"@type":"ListItem","position":1,"name":"Portada","item":"https:\/\/rmgroup.es\/barcelona\/"},{"@type":"ListItem","position":2,"name":"Tienda","item":"https:\/\/rmgroup.es\/barcelona\/tienda\/"},{"@type":"ListItem","position":3,"name":"Luxardo Espresso Martini Bot.12x200ml 15%"}]},{"@type":"WebSite","@id":"https:\/\/rmgroup.es\/barcelona\/#website","url":"https:\/\/rmgroup.es\/barcelona\/","name":"RMGroup Barcelona","description":"Tienda online de bebidas para empresas y aut\u00f3nomos","publisher":{"@id":"https:\/\/rmgroup.es\/barcelona\/#organization"},"potentialAction":[{"@type":"SearchAction","target":{"@type":"EntryPoint","urlTemplate":"https:\/\/rmgroup.es\/barcelona\/?s={search_term_string}"},"query-input":{"@type":"PropertyValueSpecification","valueRequired":true,"valueName":"search_term_string"}}],"inLanguage":"es"},{"@type":"Organization","@id":"https:\/\/rmgroup.es\/barcelona\/#organization","name":"RMGroup Barcelona","url":"https:\/\/rmgroup.es\/barcelona\/","logo":{"@type":"ImageObject","inLanguage":"es","@id":"https:\/\/rmgroup.es\/barcelona\/#\/schema\/logo\/image\/","url":"https:\/\/rmgroup.es\/barcelona\/wp-content\/uploads\/sites\/2\/2024\/06\/logo-rmgroup.svg","contentUrl":"https:\/\/rmgroup.es\/barcelona\/wp-content\/uploads\/sites\/2\/2024\/06\/logo-rmgroup.svg","width":474,"height":79,"caption":"RMGroup Barcelona"},"image":{"@id":"https:\/\/rmgroup.es\/barcelona\/#\/schema\/logo\/image\/"}}]}},"_links":{"self":[{"href":"https:\/\/rmgroup.es\/barcelona\/wp-json\/wp\/v2\/product\/9992","targetHints":{"allow":["GET"]}}],"collection":[{"href":"https:\/\/rmgroup.es\/barcelona\/wp-json\/wp\/v2\/product"}],"about":[{"href":"https:\/\/rmgroup.es\/barcelona\/wp-json\/wp\/v2\/types\/product"}],"replies":[{"embeddable":true,"href":"https:\/\/rmgroup.es\/barcelona\/wp-json\/wp\/v2\/comments?post=9992"}],"version-history":[{"count":2,"href":"https:\/\/rmgroup.es\/barcelona\/wp-json\/wp\/v2\/product\/9992\/revisions"}],"predecessor-version":[{"id":10170,"href":"https:\/\/rmgroup.es\/barcelona\/wp-json\/wp\/v2\/product\/9992\/revisions\/10170"}],"wp:featuredmedia":[{"embeddable":true,"href":"https:\/\/rmgroup.es\/barcelona\/wp-json\/wp\/v2\/media\/9951"}],"wp:attachment":[{"href":"https:\/\/rmgroup.es\/barcelona\/wp-json\/wp\/v2\/media?parent=9992"}],"wp:term":[{"taxonomy":"brand","embeddable":true,"href":"https:\/\/rmgroup.es\/barcelona\/wp-json\/wp\/v2\/etheme_brands?post=9992"},{"taxonomy":"product_brand","embeddable":true,"href":"https:\/\/rmgroup.es\/barcelona\/wp-json\/wp\/v2\/product_brand?post=9992"},{"taxonomy":"product_cat","embeddable":true,"href":"https:\/\/rmgroup.es\/barcelona\/wp-json\/wp\/v2\/product_cat?post=9992"},{"taxonomy":"product_tag","embeddable":true,"href":"https:\/\/rmgroup.es\/barcelona\/wp-json\/wp\/v2\/product_tag?post=9992"}],"curies":[{"name":"wp","href":"https:\/\/api.w.org\/{rel}","templated":true}]}}