{"id":9784,"date":"2025-03-25T09:46:52","date_gmt":"2025-03-25T08:46:52","guid":{"rendered":"https:\/\/rmgroup.es\/barcelona\/producto\/terre-nero-di-troia-organic-botella-750ml-135-2\/"},"modified":"2026-03-29T18:07:29","modified_gmt":"2026-03-29T16:07:29","slug":"terre-nero-di-troia-organic-botella-750ml-135-2","status":"publish","type":"product","link":"https:\/\/rmgroup.es\/barcelona\/producto\/terre-nero-di-troia-organic-botella-750ml-135-2\/","title":{"rendered":"Terre Nero di Troia Organic Botella 750ml 13,5%"},"content":{"rendered":"<p>Rojo brillante con reflejos viol\u00e1ceos. Elegante y finamente estructurado, con sabores a ciruelas, especias ex\u00f3ticas, canela, pimienta negra y tabaco. Los taninos firmes pero suaves a\u00f1aden complejidad y un final largo y persistente. Marida perfectamente con cordero al horno, sabrosos primeros platos y quesos de media curaci\u00f3n.<br \/>\n VARIEDAD:<br \/>\n 100% Negro de Troya<br \/>\n ZONA DE ORIGEN:<br \/>\n Las uvas se seleccionan de vi\u00f1edos ecol\u00f3gicos de bajo rendimiento de la provincia de Foggia, en el norte de Apulia.<br \/>\n DENSIDAD Y EDAD DE LAS PLANTAS:<br \/>\n Las plantas tienen una edad media de 20 a 30 a\u00f1os. Las vi\u00f1as est\u00e1n conducidas mediante un sistema de cord\u00f3n espoleado con una densidad de plantaci\u00f3n aproximada de 5.000 plantas por hect\u00e1rea.<br \/>\n RECOPILACI\u00d3N:<br \/>\n Vendimia manual en octubre.<br \/>\n VINIFICACI\u00d3N:<br \/>\n Despu\u00e9s del despalillado, la uva no se prensa, lo que permite que permanezca intacta y se optimiza la extracci\u00f3n del color. La fermentaci\u00f3n se realiza a una temperatura controlada de 23-25\u00b0C durante aproximadamente 10 d\u00edas. En las primeras etapas de fermentaci\u00f3n se realizan frecuentes remontados y delastages para obtener una extracci\u00f3n de aromas y taninos suaves. Despu\u00e9s del trasiego, se a\u00f1aden bacterias malol\u00e1cticas para inducir la degradaci\u00f3n del \u00e1cido m\u00e1lico y suavizar el vino.<br \/>\n REFINAMIENTO:<br \/>\n El 30% del vino envejece durante 6 meses en barricas de roble americano de primer paso.<\/p>\n","protected":false},"excerpt":{"rendered":"<p>Rojo brillante con reflejos viol\u00e1ceos. Elegante y finamente estructurado, con sabores a ciruelas, especias ex\u00f3ticas, canela, pimienta negra y tabaco. Los taninos firmes pero suaves&#8230;<\/p>\n","protected":false},"featured_media":3337,"comment_status":"closed","ping_status":"open","template":"","meta":{"_joinchat":[]},"etheme_brands":[{"term_id":194,"name":"TERRE DI FAIANO WINES","slug":"terre-di-faiano-wines","term_group":0,"term_taxonomy_id":194,"taxonomy":"brand","description":"","parent":0,"count":3,"filter":"raw"}],"product_brand":[],"product_cat":[252,253],"product_tag":[115],"class_list":{"0":"post-9784","1":"product","2":"type-product","3":"status-publish","4":"has-post-thumbnail","6":"brand-terre-di-faiano-wines","7":"product_cat-bebidas","8":"product_cat-vinos-bebidas","9":"product_tag-terre-terre-di-faiano-wines","10":"pa_unidades-1-unidad","11":"pa_unidades-1-unidad6-unidades","12":"pa_unidades-6-unidades","14":"first","15":"instock","16":"taxable","17":"shipping-taxable","18":"purchasable","19":"product-type-variable"},"yoast_head":"<!-- This site is optimized with the Yoast SEO plugin v27.2 - https:\/\/yoast.com\/product\/yoast-seo-wordpress\/ -->\n<title>Terre Nero di Troia Organic Botella 750ml 13,5% - RMGroup Barcelona<\/title>\n<meta name=\"robots\" content=\"index, follow, max-snippet:-1, max-image-preview:large, max-video-preview:-1\" \/>\n<link rel=\"canonical\" href=\"https:\/\/rmgroup.es\/barcelona\/producto\/terre-nero-di-troia-organic-botella-750ml-135-2\/\" \/>\n<meta property=\"og:locale\" content=\"es_ES\" \/>\n<meta property=\"og:type\" content=\"article\" \/>\n<meta property=\"og:title\" content=\"Terre Nero di Troia Organic Botella 750ml 13,5% - RMGroup Barcelona\" \/>\n<meta property=\"og:description\" content=\"Rojo brillante con reflejos viol\u00e1ceos. Elegante y finamente estructurado, con sabores a ciruelas, especias ex\u00f3ticas, canela, pimienta negra y tabaco. Los taninos firmes pero suaves...\" \/>\n<meta property=\"og:url\" content=\"https:\/\/rmgroup.es\/barcelona\/producto\/terre-nero-di-troia-organic-botella-750ml-135-2\/\" \/>\n<meta property=\"og:site_name\" content=\"RMGroup Barcelona\" \/>\n<meta property=\"article:modified_time\" content=\"2026-03-29T16:07:29+00:00\" \/>\n<meta property=\"og:image\" content=\"https:\/\/rmgroup.es\/barcelona\/wp-content\/uploads\/sites\/2\/2024\/07\/Terre-Nero-di-Troia-Organic-Bot.6x750ml.png\" \/>\n\t<meta property=\"og:image:width\" content=\"850\" \/>\n\t<meta property=\"og:image:height\" content=\"850\" \/>\n\t<meta property=\"og:image:type\" content=\"image\/png\" \/>\n<meta name=\"twitter:card\" content=\"summary_large_image\" \/>\n<meta name=\"twitter:label1\" content=\"Tiempo de lectura\" \/>\n\t<meta name=\"twitter:data1\" content=\"1 minuto\" \/>\n<script type=\"application\/ld+json\" class=\"yoast-schema-graph\">{\"@context\":\"https:\/\/schema.org\",\"@graph\":[{\"@type\":\"WebPage\",\"@id\":\"https:\/\/rmgroup.es\/barcelona\/producto\/terre-nero-di-troia-organic-botella-750ml-135-2\/\",\"url\":\"https:\/\/rmgroup.es\/barcelona\/producto\/terre-nero-di-troia-organic-botella-750ml-135-2\/\",\"name\":\"Terre Nero di Troia Organic Botella 750ml 13,5% - RMGroup Barcelona\",\"isPartOf\":{\"@id\":\"https:\/\/rmgroup.es\/barcelona\/#website\"},\"primaryImageOfPage\":{\"@id\":\"https:\/\/rmgroup.es\/barcelona\/producto\/terre-nero-di-troia-organic-botella-750ml-135-2\/#primaryimage\"},\"image\":{\"@id\":\"https:\/\/rmgroup.es\/barcelona\/producto\/terre-nero-di-troia-organic-botella-750ml-135-2\/#primaryimage\"},\"thumbnailUrl\":\"https:\/\/rmgroup.es\/barcelona\/wp-content\/uploads\/sites\/2\/2024\/07\/Terre-Nero-di-Troia-Organic-Bot.6x750ml.png\",\"datePublished\":\"2025-03-25T08:46:52+00:00\",\"dateModified\":\"2026-03-29T16:07:29+00:00\",\"breadcrumb\":{\"@id\":\"https:\/\/rmgroup.es\/barcelona\/producto\/terre-nero-di-troia-organic-botella-750ml-135-2\/#breadcrumb\"},\"inLanguage\":\"es\",\"potentialAction\":[{\"@type\":\"ReadAction\",\"target\":[\"https:\/\/rmgroup.es\/barcelona\/producto\/terre-nero-di-troia-organic-botella-750ml-135-2\/\"]}]},{\"@type\":\"ImageObject\",\"inLanguage\":\"es\",\"@id\":\"https:\/\/rmgroup.es\/barcelona\/producto\/terre-nero-di-troia-organic-botella-750ml-135-2\/#primaryimage\",\"url\":\"https:\/\/rmgroup.es\/barcelona\/wp-content\/uploads\/sites\/2\/2024\/07\/Terre-Nero-di-Troia-Organic-Bot.6x750ml.png\",\"contentUrl\":\"https:\/\/rmgroup.es\/barcelona\/wp-content\/uploads\/sites\/2\/2024\/07\/Terre-Nero-di-Troia-Organic-Bot.6x750ml.png\",\"width\":850,\"height\":850},{\"@type\":\"BreadcrumbList\",\"@id\":\"https:\/\/rmgroup.es\/barcelona\/producto\/terre-nero-di-troia-organic-botella-750ml-135-2\/#breadcrumb\",\"itemListElement\":[{\"@type\":\"ListItem\",\"position\":1,\"name\":\"Portada\",\"item\":\"https:\/\/rmgroup.es\/barcelona\/\"},{\"@type\":\"ListItem\",\"position\":2,\"name\":\"Tienda\",\"item\":\"https:\/\/rmgroup.es\/barcelona\/tienda\/\"},{\"@type\":\"ListItem\",\"position\":3,\"name\":\"Terre Nero di Troia Organic Botella 750ml 13,5%\"}]},{\"@type\":\"WebSite\",\"@id\":\"https:\/\/rmgroup.es\/barcelona\/#website\",\"url\":\"https:\/\/rmgroup.es\/barcelona\/\",\"name\":\"RMGroup Barcelona\",\"description\":\"Tienda online de bebidas para empresas y aut\u00f3nomos\",\"publisher\":{\"@id\":\"https:\/\/rmgroup.es\/barcelona\/#organization\"},\"potentialAction\":[{\"@type\":\"SearchAction\",\"target\":{\"@type\":\"EntryPoint\",\"urlTemplate\":\"https:\/\/rmgroup.es\/barcelona\/?s={search_term_string}\"},\"query-input\":{\"@type\":\"PropertyValueSpecification\",\"valueRequired\":true,\"valueName\":\"search_term_string\"}}],\"inLanguage\":\"es\"},{\"@type\":\"Organization\",\"@id\":\"https:\/\/rmgroup.es\/barcelona\/#organization\",\"name\":\"RMGroup Barcelona\",\"url\":\"https:\/\/rmgroup.es\/barcelona\/\",\"logo\":{\"@type\":\"ImageObject\",\"inLanguage\":\"es\",\"@id\":\"https:\/\/rmgroup.es\/barcelona\/#\/schema\/logo\/image\/\",\"url\":\"https:\/\/rmgroup.es\/barcelona\/wp-content\/uploads\/sites\/2\/2024\/06\/logo-rmgroup.svg\",\"contentUrl\":\"https:\/\/rmgroup.es\/barcelona\/wp-content\/uploads\/sites\/2\/2024\/06\/logo-rmgroup.svg\",\"width\":474,\"height\":79,\"caption\":\"RMGroup Barcelona\"},\"image\":{\"@id\":\"https:\/\/rmgroup.es\/barcelona\/#\/schema\/logo\/image\/\"}}]}<\/script>\n<!-- \/ Yoast SEO plugin. -->","yoast_head_json":{"title":"Terre Nero di Troia Organic Botella 750ml 13,5% - RMGroup Barcelona","robots":{"index":"index","follow":"follow","max-snippet":"max-snippet:-1","max-image-preview":"max-image-preview:large","max-video-preview":"max-video-preview:-1"},"canonical":"https:\/\/rmgroup.es\/barcelona\/producto\/terre-nero-di-troia-organic-botella-750ml-135-2\/","og_locale":"es_ES","og_type":"article","og_title":"Terre Nero di Troia Organic Botella 750ml 13,5% - RMGroup Barcelona","og_description":"Rojo brillante con reflejos viol\u00e1ceos. Elegante y finamente estructurado, con sabores a ciruelas, especias ex\u00f3ticas, canela, pimienta negra y tabaco. Los taninos firmes pero suaves...","og_url":"https:\/\/rmgroup.es\/barcelona\/producto\/terre-nero-di-troia-organic-botella-750ml-135-2\/","og_site_name":"RMGroup Barcelona","article_modified_time":"2026-03-29T16:07:29+00:00","og_image":[{"width":850,"height":850,"url":"https:\/\/rmgroup.es\/barcelona\/wp-content\/uploads\/sites\/2\/2024\/07\/Terre-Nero-di-Troia-Organic-Bot.6x750ml.png","type":"image\/png"}],"twitter_card":"summary_large_image","twitter_misc":{"Tiempo de lectura":"1 minuto"},"schema":{"@context":"https:\/\/schema.org","@graph":[{"@type":"WebPage","@id":"https:\/\/rmgroup.es\/barcelona\/producto\/terre-nero-di-troia-organic-botella-750ml-135-2\/","url":"https:\/\/rmgroup.es\/barcelona\/producto\/terre-nero-di-troia-organic-botella-750ml-135-2\/","name":"Terre Nero di Troia Organic Botella 750ml 13,5% - RMGroup Barcelona","isPartOf":{"@id":"https:\/\/rmgroup.es\/barcelona\/#website"},"primaryImageOfPage":{"@id":"https:\/\/rmgroup.es\/barcelona\/producto\/terre-nero-di-troia-organic-botella-750ml-135-2\/#primaryimage"},"image":{"@id":"https:\/\/rmgroup.es\/barcelona\/producto\/terre-nero-di-troia-organic-botella-750ml-135-2\/#primaryimage"},"thumbnailUrl":"https:\/\/rmgroup.es\/barcelona\/wp-content\/uploads\/sites\/2\/2024\/07\/Terre-Nero-di-Troia-Organic-Bot.6x750ml.png","datePublished":"2025-03-25T08:46:52+00:00","dateModified":"2026-03-29T16:07:29+00:00","breadcrumb":{"@id":"https:\/\/rmgroup.es\/barcelona\/producto\/terre-nero-di-troia-organic-botella-750ml-135-2\/#breadcrumb"},"inLanguage":"es","potentialAction":[{"@type":"ReadAction","target":["https:\/\/rmgroup.es\/barcelona\/producto\/terre-nero-di-troia-organic-botella-750ml-135-2\/"]}]},{"@type":"ImageObject","inLanguage":"es","@id":"https:\/\/rmgroup.es\/barcelona\/producto\/terre-nero-di-troia-organic-botella-750ml-135-2\/#primaryimage","url":"https:\/\/rmgroup.es\/barcelona\/wp-content\/uploads\/sites\/2\/2024\/07\/Terre-Nero-di-Troia-Organic-Bot.6x750ml.png","contentUrl":"https:\/\/rmgroup.es\/barcelona\/wp-content\/uploads\/sites\/2\/2024\/07\/Terre-Nero-di-Troia-Organic-Bot.6x750ml.png","width":850,"height":850},{"@type":"BreadcrumbList","@id":"https:\/\/rmgroup.es\/barcelona\/producto\/terre-nero-di-troia-organic-botella-750ml-135-2\/#breadcrumb","itemListElement":[{"@type":"ListItem","position":1,"name":"Portada","item":"https:\/\/rmgroup.es\/barcelona\/"},{"@type":"ListItem","position":2,"name":"Tienda","item":"https:\/\/rmgroup.es\/barcelona\/tienda\/"},{"@type":"ListItem","position":3,"name":"Terre Nero di Troia Organic Botella 750ml 13,5%"}]},{"@type":"WebSite","@id":"https:\/\/rmgroup.es\/barcelona\/#website","url":"https:\/\/rmgroup.es\/barcelona\/","name":"RMGroup Barcelona","description":"Tienda online de bebidas para empresas y aut\u00f3nomos","publisher":{"@id":"https:\/\/rmgroup.es\/barcelona\/#organization"},"potentialAction":[{"@type":"SearchAction","target":{"@type":"EntryPoint","urlTemplate":"https:\/\/rmgroup.es\/barcelona\/?s={search_term_string}"},"query-input":{"@type":"PropertyValueSpecification","valueRequired":true,"valueName":"search_term_string"}}],"inLanguage":"es"},{"@type":"Organization","@id":"https:\/\/rmgroup.es\/barcelona\/#organization","name":"RMGroup Barcelona","url":"https:\/\/rmgroup.es\/barcelona\/","logo":{"@type":"ImageObject","inLanguage":"es","@id":"https:\/\/rmgroup.es\/barcelona\/#\/schema\/logo\/image\/","url":"https:\/\/rmgroup.es\/barcelona\/wp-content\/uploads\/sites\/2\/2024\/06\/logo-rmgroup.svg","contentUrl":"https:\/\/rmgroup.es\/barcelona\/wp-content\/uploads\/sites\/2\/2024\/06\/logo-rmgroup.svg","width":474,"height":79,"caption":"RMGroup Barcelona"},"image":{"@id":"https:\/\/rmgroup.es\/barcelona\/#\/schema\/logo\/image\/"}}]}},"_links":{"self":[{"href":"https:\/\/rmgroup.es\/barcelona\/wp-json\/wp\/v2\/product\/9784","targetHints":{"allow":["GET"]}}],"collection":[{"href":"https:\/\/rmgroup.es\/barcelona\/wp-json\/wp\/v2\/product"}],"about":[{"href":"https:\/\/rmgroup.es\/barcelona\/wp-json\/wp\/v2\/types\/product"}],"replies":[{"embeddable":true,"href":"https:\/\/rmgroup.es\/barcelona\/wp-json\/wp\/v2\/comments?post=9784"}],"version-history":[{"count":1,"href":"https:\/\/rmgroup.es\/barcelona\/wp-json\/wp\/v2\/product\/9784\/revisions"}],"predecessor-version":[{"id":9785,"href":"https:\/\/rmgroup.es\/barcelona\/wp-json\/wp\/v2\/product\/9784\/revisions\/9785"}],"wp:featuredmedia":[{"embeddable":true,"href":"https:\/\/rmgroup.es\/barcelona\/wp-json\/wp\/v2\/media\/3337"}],"wp:attachment":[{"href":"https:\/\/rmgroup.es\/barcelona\/wp-json\/wp\/v2\/media?parent=9784"}],"wp:term":[{"taxonomy":"brand","embeddable":true,"href":"https:\/\/rmgroup.es\/barcelona\/wp-json\/wp\/v2\/etheme_brands?post=9784"},{"taxonomy":"product_brand","embeddable":true,"href":"https:\/\/rmgroup.es\/barcelona\/wp-json\/wp\/v2\/product_brand?post=9784"},{"taxonomy":"product_cat","embeddable":true,"href":"https:\/\/rmgroup.es\/barcelona\/wp-json\/wp\/v2\/product_cat?post=9784"},{"taxonomy":"product_tag","embeddable":true,"href":"https:\/\/rmgroup.es\/barcelona\/wp-json\/wp\/v2\/product_tag?post=9784"}],"curies":[{"name":"wp","href":"https:\/\/api.w.org\/{rel}","templated":true}]}}