{"id":9025,"date":"2025-03-25T09:47:01","date_gmt":"2025-03-25T08:47:01","guid":{"rendered":"https:\/\/rmgroup.es\/barcelona\/producto\/the-wanted-cab-cabernet-sauvignon-botella-750ml-14\/"},"modified":"2026-03-24T11:07:20","modified_gmt":"2026-03-24T10:07:20","slug":"the-wanted-cab-cabernet-sauvignon-botella-750ml-14","status":"publish","type":"product","link":"https:\/\/rmgroup.es\/barcelona\/producto\/the-wanted-cab-cabernet-sauvignon-botella-750ml-14\/","title":{"rendered":"The Wanted Cab Cabernet Sauvignon Botella 750ml 14%"},"content":{"rendered":"<p>De color granate oscuro, este vino comienza con un aroma sumamente agradable a mora, cereza negra, vainilla y chocolate. En boca es rico y suculento, con elegantes notas amaderadas. Con cuerpo pero equilibrado y complejo, muestra un final persistente, largo y especiado.<br \/>\n VARIEDAD&#8217;:<br \/>\n 100% Cabernet Sauvignon<br \/>\n ZONA DE ORIGEN:<br \/>\n Las uvas se cultivan en Puglia y Sicilia, estas dos regiones del sur de Italia son ideales para alcanzar una madurez \u00f3ptima.<br \/>\n DENSIDAD Y EDAD DE LAS PLANTAS:<br \/>\n Las vi\u00f1as est\u00e1n conducidas en Guyot y tienen una edad media de 25 a 40 a\u00f1os. La densidad de plantaci\u00f3n es de aproximadamente 4500-5000 plantas por hect\u00e1rea.<br \/>\n RECOPILACI\u00d3N:<br \/>\n Cosecha manual desde mediados hasta finales de septiembre.<br \/>\n VINIFICACI\u00d3N:<br \/>\n Despu\u00e9s del despalillado, la uva no se prensa, permitiendo que la piel permanezca intacta, optimizando as\u00ed la extracci\u00f3n del color. La fermentaci\u00f3n se realiza a temperatura controlada de 24-25\u00b0C durante 10 d\u00edas. En las primeras etapas de fermentaci\u00f3n se realizan frecuentes remontados y delestages para obtener una suave extracci\u00f3n de delicados aromas y taninos. Despu\u00e9s de la fermentaci\u00f3n el vino se mantiene en contacto con los hollejos durante otros 3 d\u00edas para maximizar la extracci\u00f3n de colores y taninos. Tras el trasiego se a\u00f1aden bacterias malol\u00e1cticas para inducir la fermentaci\u00f3n malol\u00e1ctica.<br \/>\n REFINAMIENTO:<br \/>\n El 40% del vino tiene una crianza de 10 meses en barricas de roble americano.<\/p>\n","protected":false},"excerpt":{"rendered":"<p>De color granate oscuro, este vino comienza con un aroma sumamente agradable a mora, cereza negra, vainilla y chocolate. En boca es rico y suculento,&#8230;<\/p>\n","protected":false},"featured_media":3342,"comment_status":"closed","ping_status":"open","template":"","meta":{"_joinchat":[]},"etheme_brands":[{"term_id":196,"name":"THE WANTED WINES","slug":"the-wanted-wines","term_group":0,"term_taxonomy_id":196,"taxonomy":"brand","description":"","parent":0,"count":6,"filter":"raw"}],"product_brand":[],"product_cat":[252,253],"product_tag":[118],"class_list":{"0":"post-9025","1":"product","2":"type-product","3":"status-publish","4":"has-post-thumbnail","6":"brand-the-wanted-wines","7":"product_cat-bebidas","8":"product_cat-vinos-bebidas","9":"product_tag-want-the-wanted-wines","10":"pa_unidades-1-unidad","11":"pa_unidades-1-unidad6-unidades","12":"pa_unidades-6-unidades","14":"first","15":"instock","16":"taxable","17":"shipping-taxable","18":"purchasable","19":"product-type-variable"},"yoast_head":"<!-- This site is optimized with the Yoast SEO plugin v27.2 - https:\/\/yoast.com\/product\/yoast-seo-wordpress\/ -->\n<title>The Wanted Cab Cabernet Sauvignon Botella 750ml 14% - RMGroup Barcelona<\/title>\n<meta name=\"robots\" content=\"index, follow, max-snippet:-1, max-image-preview:large, max-video-preview:-1\" \/>\n<link rel=\"canonical\" href=\"https:\/\/rmgroup.es\/barcelona\/producto\/the-wanted-cab-cabernet-sauvignon-botella-750ml-14\/\" \/>\n<meta property=\"og:locale\" content=\"es_ES\" \/>\n<meta property=\"og:type\" content=\"article\" \/>\n<meta property=\"og:title\" content=\"The Wanted Cab Cabernet Sauvignon Botella 750ml 14% - RMGroup Barcelona\" \/>\n<meta property=\"og:description\" content=\"De color granate oscuro, este vino comienza con un aroma sumamente agradable a mora, cereza negra, vainilla y chocolate. En boca es rico y suculento,...\" \/>\n<meta property=\"og:url\" content=\"https:\/\/rmgroup.es\/barcelona\/producto\/the-wanted-cab-cabernet-sauvignon-botella-750ml-14\/\" \/>\n<meta property=\"og:site_name\" content=\"RMGroup Barcelona\" \/>\n<meta property=\"article:modified_time\" content=\"2026-03-24T10:07:20+00:00\" \/>\n<meta property=\"og:image\" content=\"https:\/\/rmgroup.es\/barcelona\/wp-content\/uploads\/sites\/2\/2024\/07\/The-Wanted-Cab-Cabernet-Sauvignon-Bot.6x750ml.png\" \/>\n\t<meta property=\"og:image:width\" content=\"850\" \/>\n\t<meta property=\"og:image:height\" content=\"850\" \/>\n\t<meta property=\"og:image:type\" content=\"image\/png\" \/>\n<meta name=\"twitter:card\" content=\"summary_large_image\" \/>\n<meta name=\"twitter:label1\" content=\"Tiempo de lectura\" \/>\n\t<meta name=\"twitter:data1\" content=\"1 minuto\" \/>\n<script type=\"application\/ld+json\" class=\"yoast-schema-graph\">{\"@context\":\"https:\/\/schema.org\",\"@graph\":[{\"@type\":\"WebPage\",\"@id\":\"https:\/\/rmgroup.es\/barcelona\/producto\/the-wanted-cab-cabernet-sauvignon-botella-750ml-14\/\",\"url\":\"https:\/\/rmgroup.es\/barcelona\/producto\/the-wanted-cab-cabernet-sauvignon-botella-750ml-14\/\",\"name\":\"The Wanted Cab Cabernet Sauvignon Botella 750ml 14% - RMGroup Barcelona\",\"isPartOf\":{\"@id\":\"https:\/\/rmgroup.es\/barcelona\/#website\"},\"primaryImageOfPage\":{\"@id\":\"https:\/\/rmgroup.es\/barcelona\/producto\/the-wanted-cab-cabernet-sauvignon-botella-750ml-14\/#primaryimage\"},\"image\":{\"@id\":\"https:\/\/rmgroup.es\/barcelona\/producto\/the-wanted-cab-cabernet-sauvignon-botella-750ml-14\/#primaryimage\"},\"thumbnailUrl\":\"https:\/\/rmgroup.es\/barcelona\/wp-content\/uploads\/sites\/2\/2024\/07\/The-Wanted-Cab-Cabernet-Sauvignon-Bot.6x750ml.png\",\"datePublished\":\"2025-03-25T08:47:01+00:00\",\"dateModified\":\"2026-03-24T10:07:20+00:00\",\"breadcrumb\":{\"@id\":\"https:\/\/rmgroup.es\/barcelona\/producto\/the-wanted-cab-cabernet-sauvignon-botella-750ml-14\/#breadcrumb\"},\"inLanguage\":\"es\",\"potentialAction\":[{\"@type\":\"ReadAction\",\"target\":[\"https:\/\/rmgroup.es\/barcelona\/producto\/the-wanted-cab-cabernet-sauvignon-botella-750ml-14\/\"]}]},{\"@type\":\"ImageObject\",\"inLanguage\":\"es\",\"@id\":\"https:\/\/rmgroup.es\/barcelona\/producto\/the-wanted-cab-cabernet-sauvignon-botella-750ml-14\/#primaryimage\",\"url\":\"https:\/\/rmgroup.es\/barcelona\/wp-content\/uploads\/sites\/2\/2024\/07\/The-Wanted-Cab-Cabernet-Sauvignon-Bot.6x750ml.png\",\"contentUrl\":\"https:\/\/rmgroup.es\/barcelona\/wp-content\/uploads\/sites\/2\/2024\/07\/The-Wanted-Cab-Cabernet-Sauvignon-Bot.6x750ml.png\",\"width\":850,\"height\":850},{\"@type\":\"BreadcrumbList\",\"@id\":\"https:\/\/rmgroup.es\/barcelona\/producto\/the-wanted-cab-cabernet-sauvignon-botella-750ml-14\/#breadcrumb\",\"itemListElement\":[{\"@type\":\"ListItem\",\"position\":1,\"name\":\"Portada\",\"item\":\"https:\/\/rmgroup.es\/barcelona\/\"},{\"@type\":\"ListItem\",\"position\":2,\"name\":\"Tienda\",\"item\":\"https:\/\/rmgroup.es\/barcelona\/tienda\/\"},{\"@type\":\"ListItem\",\"position\":3,\"name\":\"The Wanted Cab Cabernet Sauvignon Botella 750ml 14%\"}]},{\"@type\":\"WebSite\",\"@id\":\"https:\/\/rmgroup.es\/barcelona\/#website\",\"url\":\"https:\/\/rmgroup.es\/barcelona\/\",\"name\":\"RMGroup Barcelona\",\"description\":\"Tienda online de bebidas para empresas y aut\u00f3nomos\",\"publisher\":{\"@id\":\"https:\/\/rmgroup.es\/barcelona\/#organization\"},\"potentialAction\":[{\"@type\":\"SearchAction\",\"target\":{\"@type\":\"EntryPoint\",\"urlTemplate\":\"https:\/\/rmgroup.es\/barcelona\/?s={search_term_string}\"},\"query-input\":{\"@type\":\"PropertyValueSpecification\",\"valueRequired\":true,\"valueName\":\"search_term_string\"}}],\"inLanguage\":\"es\"},{\"@type\":\"Organization\",\"@id\":\"https:\/\/rmgroup.es\/barcelona\/#organization\",\"name\":\"RMGroup Barcelona\",\"url\":\"https:\/\/rmgroup.es\/barcelona\/\",\"logo\":{\"@type\":\"ImageObject\",\"inLanguage\":\"es\",\"@id\":\"https:\/\/rmgroup.es\/barcelona\/#\/schema\/logo\/image\/\",\"url\":\"https:\/\/rmgroup.es\/barcelona\/wp-content\/uploads\/sites\/2\/2024\/06\/logo-rmgroup.svg\",\"contentUrl\":\"https:\/\/rmgroup.es\/barcelona\/wp-content\/uploads\/sites\/2\/2024\/06\/logo-rmgroup.svg\",\"width\":474,\"height\":79,\"caption\":\"RMGroup Barcelona\"},\"image\":{\"@id\":\"https:\/\/rmgroup.es\/barcelona\/#\/schema\/logo\/image\/\"}}]}<\/script>\n<!-- \/ Yoast SEO plugin. -->","yoast_head_json":{"title":"The Wanted Cab Cabernet Sauvignon Botella 750ml 14% - RMGroup Barcelona","robots":{"index":"index","follow":"follow","max-snippet":"max-snippet:-1","max-image-preview":"max-image-preview:large","max-video-preview":"max-video-preview:-1"},"canonical":"https:\/\/rmgroup.es\/barcelona\/producto\/the-wanted-cab-cabernet-sauvignon-botella-750ml-14\/","og_locale":"es_ES","og_type":"article","og_title":"The Wanted Cab Cabernet Sauvignon Botella 750ml 14% - RMGroup Barcelona","og_description":"De color granate oscuro, este vino comienza con un aroma sumamente agradable a mora, cereza negra, vainilla y chocolate. En boca es rico y suculento,...","og_url":"https:\/\/rmgroup.es\/barcelona\/producto\/the-wanted-cab-cabernet-sauvignon-botella-750ml-14\/","og_site_name":"RMGroup Barcelona","article_modified_time":"2026-03-24T10:07:20+00:00","og_image":[{"width":850,"height":850,"url":"https:\/\/rmgroup.es\/barcelona\/wp-content\/uploads\/sites\/2\/2024\/07\/The-Wanted-Cab-Cabernet-Sauvignon-Bot.6x750ml.png","type":"image\/png"}],"twitter_card":"summary_large_image","twitter_misc":{"Tiempo de lectura":"1 minuto"},"schema":{"@context":"https:\/\/schema.org","@graph":[{"@type":"WebPage","@id":"https:\/\/rmgroup.es\/barcelona\/producto\/the-wanted-cab-cabernet-sauvignon-botella-750ml-14\/","url":"https:\/\/rmgroup.es\/barcelona\/producto\/the-wanted-cab-cabernet-sauvignon-botella-750ml-14\/","name":"The Wanted Cab Cabernet Sauvignon Botella 750ml 14% - RMGroup Barcelona","isPartOf":{"@id":"https:\/\/rmgroup.es\/barcelona\/#website"},"primaryImageOfPage":{"@id":"https:\/\/rmgroup.es\/barcelona\/producto\/the-wanted-cab-cabernet-sauvignon-botella-750ml-14\/#primaryimage"},"image":{"@id":"https:\/\/rmgroup.es\/barcelona\/producto\/the-wanted-cab-cabernet-sauvignon-botella-750ml-14\/#primaryimage"},"thumbnailUrl":"https:\/\/rmgroup.es\/barcelona\/wp-content\/uploads\/sites\/2\/2024\/07\/The-Wanted-Cab-Cabernet-Sauvignon-Bot.6x750ml.png","datePublished":"2025-03-25T08:47:01+00:00","dateModified":"2026-03-24T10:07:20+00:00","breadcrumb":{"@id":"https:\/\/rmgroup.es\/barcelona\/producto\/the-wanted-cab-cabernet-sauvignon-botella-750ml-14\/#breadcrumb"},"inLanguage":"es","potentialAction":[{"@type":"ReadAction","target":["https:\/\/rmgroup.es\/barcelona\/producto\/the-wanted-cab-cabernet-sauvignon-botella-750ml-14\/"]}]},{"@type":"ImageObject","inLanguage":"es","@id":"https:\/\/rmgroup.es\/barcelona\/producto\/the-wanted-cab-cabernet-sauvignon-botella-750ml-14\/#primaryimage","url":"https:\/\/rmgroup.es\/barcelona\/wp-content\/uploads\/sites\/2\/2024\/07\/The-Wanted-Cab-Cabernet-Sauvignon-Bot.6x750ml.png","contentUrl":"https:\/\/rmgroup.es\/barcelona\/wp-content\/uploads\/sites\/2\/2024\/07\/The-Wanted-Cab-Cabernet-Sauvignon-Bot.6x750ml.png","width":850,"height":850},{"@type":"BreadcrumbList","@id":"https:\/\/rmgroup.es\/barcelona\/producto\/the-wanted-cab-cabernet-sauvignon-botella-750ml-14\/#breadcrumb","itemListElement":[{"@type":"ListItem","position":1,"name":"Portada","item":"https:\/\/rmgroup.es\/barcelona\/"},{"@type":"ListItem","position":2,"name":"Tienda","item":"https:\/\/rmgroup.es\/barcelona\/tienda\/"},{"@type":"ListItem","position":3,"name":"The Wanted Cab Cabernet Sauvignon Botella 750ml 14%"}]},{"@type":"WebSite","@id":"https:\/\/rmgroup.es\/barcelona\/#website","url":"https:\/\/rmgroup.es\/barcelona\/","name":"RMGroup Barcelona","description":"Tienda online de bebidas para empresas y aut\u00f3nomos","publisher":{"@id":"https:\/\/rmgroup.es\/barcelona\/#organization"},"potentialAction":[{"@type":"SearchAction","target":{"@type":"EntryPoint","urlTemplate":"https:\/\/rmgroup.es\/barcelona\/?s={search_term_string}"},"query-input":{"@type":"PropertyValueSpecification","valueRequired":true,"valueName":"search_term_string"}}],"inLanguage":"es"},{"@type":"Organization","@id":"https:\/\/rmgroup.es\/barcelona\/#organization","name":"RMGroup Barcelona","url":"https:\/\/rmgroup.es\/barcelona\/","logo":{"@type":"ImageObject","inLanguage":"es","@id":"https:\/\/rmgroup.es\/barcelona\/#\/schema\/logo\/image\/","url":"https:\/\/rmgroup.es\/barcelona\/wp-content\/uploads\/sites\/2\/2024\/06\/logo-rmgroup.svg","contentUrl":"https:\/\/rmgroup.es\/barcelona\/wp-content\/uploads\/sites\/2\/2024\/06\/logo-rmgroup.svg","width":474,"height":79,"caption":"RMGroup Barcelona"},"image":{"@id":"https:\/\/rmgroup.es\/barcelona\/#\/schema\/logo\/image\/"}}]}},"_links":{"self":[{"href":"https:\/\/rmgroup.es\/barcelona\/wp-json\/wp\/v2\/product\/9025","targetHints":{"allow":["GET"]}}],"collection":[{"href":"https:\/\/rmgroup.es\/barcelona\/wp-json\/wp\/v2\/product"}],"about":[{"href":"https:\/\/rmgroup.es\/barcelona\/wp-json\/wp\/v2\/types\/product"}],"replies":[{"embeddable":true,"href":"https:\/\/rmgroup.es\/barcelona\/wp-json\/wp\/v2\/comments?post=9025"}],"version-history":[{"count":1,"href":"https:\/\/rmgroup.es\/barcelona\/wp-json\/wp\/v2\/product\/9025\/revisions"}],"predecessor-version":[{"id":9653,"href":"https:\/\/rmgroup.es\/barcelona\/wp-json\/wp\/v2\/product\/9025\/revisions\/9653"}],"wp:featuredmedia":[{"embeddable":true,"href":"https:\/\/rmgroup.es\/barcelona\/wp-json\/wp\/v2\/media\/3342"}],"wp:attachment":[{"href":"https:\/\/rmgroup.es\/barcelona\/wp-json\/wp\/v2\/media?parent=9025"}],"wp:term":[{"taxonomy":"brand","embeddable":true,"href":"https:\/\/rmgroup.es\/barcelona\/wp-json\/wp\/v2\/etheme_brands?post=9025"},{"taxonomy":"product_brand","embeddable":true,"href":"https:\/\/rmgroup.es\/barcelona\/wp-json\/wp\/v2\/product_brand?post=9025"},{"taxonomy":"product_cat","embeddable":true,"href":"https:\/\/rmgroup.es\/barcelona\/wp-json\/wp\/v2\/product_cat?post=9025"},{"taxonomy":"product_tag","embeddable":true,"href":"https:\/\/rmgroup.es\/barcelona\/wp-json\/wp\/v2\/product_tag?post=9025"}],"curies":[{"name":"wp","href":"https:\/\/api.w.org\/{rel}","templated":true}]}}