{"id":8789,"date":"2025-03-25T09:46:24","date_gmt":"2025-03-25T08:46:24","guid":{"rendered":"https:\/\/rmgroup.es\/barcelona\/producto\/magners-original-botella-568ml-45\/"},"modified":"2026-04-04T11:05:53","modified_gmt":"2026-04-04T09:05:53","slug":"magners-original-botella-568ml-45","status":"publish","type":"product","link":"https:\/\/rmgroup.es\/barcelona\/producto\/magners-original-botella-568ml-45\/","title":{"rendered":"Magners Original Botella 568ml 4,5%"},"content":{"rendered":"<p>Magners es la marca irlandesa premium m\u00e1s vendida del mundo. All\u00e1 por el a\u00f1o 195, William Magners seleccion\u00f3 17 variedades diferentes de manzanas para conseguir la receta perfecta para su \u00fanica y aut\u00e9ntica sidra. Desde entonces, bajo la marca Buklmers en Irlanda y Magners en el resto del mundo, nuestra sidra ha sido una forma de celebrar\u2026 \u00a1pr\u00e1cticamente todo!<br \/>\n Lo que distingue a Magners es su enfoque en la elaboraci\u00f3n artesanal y su compromiso con ingredientes naturales. La marca ha mantenido su reputaci\u00f3n por ofrecer una sidra suave y f\u00e1cil de beber, con burbujas finas y un car\u00e1cter afrutado. Magners se ha convertido en una elecci\u00f3n popular tanto en bares como en hogares, y su presencia en el mercado refleja su estatus como una marca confiable y apreciada en el mundo de las sidras.<\/p>\n","protected":false},"excerpt":{"rendered":"<p>Magners es la marca irlandesa premium m\u00e1s vendida del mundo. All\u00e1 por el a\u00f1o 195, William Magners seleccion\u00f3 17 variedades diferentes de manzanas para conseguir&#8230;<\/p>\n","protected":false},"featured_media":11947,"comment_status":"closed","ping_status":"open","template":"","meta":{"_joinchat":[]},"etheme_brands":[{"term_id":164,"name":"Magners","slug":"magners","term_group":0,"term_taxonomy_id":164,"taxonomy":"brand","description":"","parent":0,"count":11,"filter":"raw"}],"product_brand":[],"product_cat":[252,260],"product_tag":[103],"class_list":{"0":"post-8789","1":"product","2":"type-product","3":"status-publish","4":"has-post-thumbnail","6":"brand-magners","7":"product_cat-bebidas","8":"product_cat-sidras-bebidas","9":"product_tag-ma-magners","10":"pa_unidades-1-unidad","11":"pa_unidades-1-unidad12-unidades","12":"pa_unidades-12-unidades","14":"first","15":"instock","16":"taxable","17":"shipping-taxable","18":"purchasable","19":"product-type-variable"},"yoast_head":"<!-- This site is optimized with the Yoast SEO plugin v27.2 - https:\/\/yoast.com\/product\/yoast-seo-wordpress\/ -->\n<title>Magners Original Botella 568ml 4,5% - RMGroup Barcelona<\/title>\n<meta name=\"robots\" content=\"index, follow, max-snippet:-1, max-image-preview:large, max-video-preview:-1\" \/>\n<link rel=\"canonical\" href=\"https:\/\/rmgroup.es\/barcelona\/producto\/magners-original-botella-568ml-45\/\" \/>\n<meta property=\"og:locale\" content=\"es_ES\" \/>\n<meta property=\"og:type\" content=\"article\" \/>\n<meta property=\"og:title\" content=\"Magners Original Botella 568ml 4,5% - RMGroup Barcelona\" \/>\n<meta property=\"og:description\" content=\"Magners es la marca irlandesa premium m\u00e1s vendida del mundo. All\u00e1 por el a\u00f1o 195, William Magners seleccion\u00f3 17 variedades diferentes de manzanas para conseguir...\" \/>\n<meta property=\"og:url\" content=\"https:\/\/rmgroup.es\/barcelona\/producto\/magners-original-botella-568ml-45\/\" \/>\n<meta property=\"og:site_name\" content=\"RMGroup Barcelona\" \/>\n<meta property=\"article:modified_time\" content=\"2026-04-04T09:05:53+00:00\" \/>\n<meta property=\"og:image\" content=\"https:\/\/rmgroup.es\/barcelona\/wp-content\/uploads\/sites\/2\/2026\/02\/Magners-Original-Bot.12x568ml-2.png\" \/>\n\t<meta property=\"og:image:width\" content=\"800\" \/>\n\t<meta property=\"og:image:height\" content=\"800\" \/>\n\t<meta property=\"og:image:type\" content=\"image\/png\" \/>\n<meta name=\"twitter:card\" content=\"summary_large_image\" \/>\n<meta name=\"twitter:label1\" content=\"Tiempo de lectura\" \/>\n\t<meta name=\"twitter:data1\" content=\"1 minuto\" \/>\n<script type=\"application\/ld+json\" class=\"yoast-schema-graph\">{\"@context\":\"https:\/\/schema.org\",\"@graph\":[{\"@type\":\"WebPage\",\"@id\":\"https:\/\/rmgroup.es\/barcelona\/producto\/magners-original-botella-568ml-45\/\",\"url\":\"https:\/\/rmgroup.es\/barcelona\/producto\/magners-original-botella-568ml-45\/\",\"name\":\"Magners Original Botella 568ml 4,5% - RMGroup Barcelona\",\"isPartOf\":{\"@id\":\"https:\/\/rmgroup.es\/barcelona\/#website\"},\"primaryImageOfPage\":{\"@id\":\"https:\/\/rmgroup.es\/barcelona\/producto\/magners-original-botella-568ml-45\/#primaryimage\"},\"image\":{\"@id\":\"https:\/\/rmgroup.es\/barcelona\/producto\/magners-original-botella-568ml-45\/#primaryimage\"},\"thumbnailUrl\":\"https:\/\/rmgroup.es\/barcelona\/wp-content\/uploads\/sites\/2\/2026\/02\/Magners-Original-Bot.12x568ml-2.png\",\"datePublished\":\"2025-03-25T08:46:24+00:00\",\"dateModified\":\"2026-04-04T09:05:53+00:00\",\"breadcrumb\":{\"@id\":\"https:\/\/rmgroup.es\/barcelona\/producto\/magners-original-botella-568ml-45\/#breadcrumb\"},\"inLanguage\":\"es\",\"potentialAction\":[{\"@type\":\"ReadAction\",\"target\":[\"https:\/\/rmgroup.es\/barcelona\/producto\/magners-original-botella-568ml-45\/\"]}]},{\"@type\":\"ImageObject\",\"inLanguage\":\"es\",\"@id\":\"https:\/\/rmgroup.es\/barcelona\/producto\/magners-original-botella-568ml-45\/#primaryimage\",\"url\":\"https:\/\/rmgroup.es\/barcelona\/wp-content\/uploads\/sites\/2\/2026\/02\/Magners-Original-Bot.12x568ml-2.png\",\"contentUrl\":\"https:\/\/rmgroup.es\/barcelona\/wp-content\/uploads\/sites\/2\/2026\/02\/Magners-Original-Bot.12x568ml-2.png\",\"width\":800,\"height\":800},{\"@type\":\"BreadcrumbList\",\"@id\":\"https:\/\/rmgroup.es\/barcelona\/producto\/magners-original-botella-568ml-45\/#breadcrumb\",\"itemListElement\":[{\"@type\":\"ListItem\",\"position\":1,\"name\":\"Portada\",\"item\":\"https:\/\/rmgroup.es\/barcelona\/\"},{\"@type\":\"ListItem\",\"position\":2,\"name\":\"Tienda\",\"item\":\"https:\/\/rmgroup.es\/barcelona\/tienda\/\"},{\"@type\":\"ListItem\",\"position\":3,\"name\":\"Magners Original Botella 568ml 4,5%\"}]},{\"@type\":\"WebSite\",\"@id\":\"https:\/\/rmgroup.es\/barcelona\/#website\",\"url\":\"https:\/\/rmgroup.es\/barcelona\/\",\"name\":\"RMGroup Barcelona\",\"description\":\"Tienda online de bebidas para empresas y aut\u00f3nomos\",\"publisher\":{\"@id\":\"https:\/\/rmgroup.es\/barcelona\/#organization\"},\"potentialAction\":[{\"@type\":\"SearchAction\",\"target\":{\"@type\":\"EntryPoint\",\"urlTemplate\":\"https:\/\/rmgroup.es\/barcelona\/?s={search_term_string}\"},\"query-input\":{\"@type\":\"PropertyValueSpecification\",\"valueRequired\":true,\"valueName\":\"search_term_string\"}}],\"inLanguage\":\"es\"},{\"@type\":\"Organization\",\"@id\":\"https:\/\/rmgroup.es\/barcelona\/#organization\",\"name\":\"RMGroup Barcelona\",\"url\":\"https:\/\/rmgroup.es\/barcelona\/\",\"logo\":{\"@type\":\"ImageObject\",\"inLanguage\":\"es\",\"@id\":\"https:\/\/rmgroup.es\/barcelona\/#\/schema\/logo\/image\/\",\"url\":\"https:\/\/rmgroup.es\/barcelona\/wp-content\/uploads\/sites\/2\/2024\/06\/logo-rmgroup.svg\",\"contentUrl\":\"https:\/\/rmgroup.es\/barcelona\/wp-content\/uploads\/sites\/2\/2024\/06\/logo-rmgroup.svg\",\"width\":474,\"height\":79,\"caption\":\"RMGroup Barcelona\"},\"image\":{\"@id\":\"https:\/\/rmgroup.es\/barcelona\/#\/schema\/logo\/image\/\"}}]}<\/script>\n<!-- \/ Yoast SEO plugin. -->","yoast_head_json":{"title":"Magners Original Botella 568ml 4,5% - RMGroup Barcelona","robots":{"index":"index","follow":"follow","max-snippet":"max-snippet:-1","max-image-preview":"max-image-preview:large","max-video-preview":"max-video-preview:-1"},"canonical":"https:\/\/rmgroup.es\/barcelona\/producto\/magners-original-botella-568ml-45\/","og_locale":"es_ES","og_type":"article","og_title":"Magners Original Botella 568ml 4,5% - RMGroup Barcelona","og_description":"Magners es la marca irlandesa premium m\u00e1s vendida del mundo. All\u00e1 por el a\u00f1o 195, William Magners seleccion\u00f3 17 variedades diferentes de manzanas para conseguir...","og_url":"https:\/\/rmgroup.es\/barcelona\/producto\/magners-original-botella-568ml-45\/","og_site_name":"RMGroup Barcelona","article_modified_time":"2026-04-04T09:05:53+00:00","og_image":[{"width":800,"height":800,"url":"https:\/\/rmgroup.es\/barcelona\/wp-content\/uploads\/sites\/2\/2026\/02\/Magners-Original-Bot.12x568ml-2.png","type":"image\/png"}],"twitter_card":"summary_large_image","twitter_misc":{"Tiempo de lectura":"1 minuto"},"schema":{"@context":"https:\/\/schema.org","@graph":[{"@type":"WebPage","@id":"https:\/\/rmgroup.es\/barcelona\/producto\/magners-original-botella-568ml-45\/","url":"https:\/\/rmgroup.es\/barcelona\/producto\/magners-original-botella-568ml-45\/","name":"Magners Original Botella 568ml 4,5% - RMGroup Barcelona","isPartOf":{"@id":"https:\/\/rmgroup.es\/barcelona\/#website"},"primaryImageOfPage":{"@id":"https:\/\/rmgroup.es\/barcelona\/producto\/magners-original-botella-568ml-45\/#primaryimage"},"image":{"@id":"https:\/\/rmgroup.es\/barcelona\/producto\/magners-original-botella-568ml-45\/#primaryimage"},"thumbnailUrl":"https:\/\/rmgroup.es\/barcelona\/wp-content\/uploads\/sites\/2\/2026\/02\/Magners-Original-Bot.12x568ml-2.png","datePublished":"2025-03-25T08:46:24+00:00","dateModified":"2026-04-04T09:05:53+00:00","breadcrumb":{"@id":"https:\/\/rmgroup.es\/barcelona\/producto\/magners-original-botella-568ml-45\/#breadcrumb"},"inLanguage":"es","potentialAction":[{"@type":"ReadAction","target":["https:\/\/rmgroup.es\/barcelona\/producto\/magners-original-botella-568ml-45\/"]}]},{"@type":"ImageObject","inLanguage":"es","@id":"https:\/\/rmgroup.es\/barcelona\/producto\/magners-original-botella-568ml-45\/#primaryimage","url":"https:\/\/rmgroup.es\/barcelona\/wp-content\/uploads\/sites\/2\/2026\/02\/Magners-Original-Bot.12x568ml-2.png","contentUrl":"https:\/\/rmgroup.es\/barcelona\/wp-content\/uploads\/sites\/2\/2026\/02\/Magners-Original-Bot.12x568ml-2.png","width":800,"height":800},{"@type":"BreadcrumbList","@id":"https:\/\/rmgroup.es\/barcelona\/producto\/magners-original-botella-568ml-45\/#breadcrumb","itemListElement":[{"@type":"ListItem","position":1,"name":"Portada","item":"https:\/\/rmgroup.es\/barcelona\/"},{"@type":"ListItem","position":2,"name":"Tienda","item":"https:\/\/rmgroup.es\/barcelona\/tienda\/"},{"@type":"ListItem","position":3,"name":"Magners Original Botella 568ml 4,5%"}]},{"@type":"WebSite","@id":"https:\/\/rmgroup.es\/barcelona\/#website","url":"https:\/\/rmgroup.es\/barcelona\/","name":"RMGroup Barcelona","description":"Tienda online de bebidas para empresas y aut\u00f3nomos","publisher":{"@id":"https:\/\/rmgroup.es\/barcelona\/#organization"},"potentialAction":[{"@type":"SearchAction","target":{"@type":"EntryPoint","urlTemplate":"https:\/\/rmgroup.es\/barcelona\/?s={search_term_string}"},"query-input":{"@type":"PropertyValueSpecification","valueRequired":true,"valueName":"search_term_string"}}],"inLanguage":"es"},{"@type":"Organization","@id":"https:\/\/rmgroup.es\/barcelona\/#organization","name":"RMGroup Barcelona","url":"https:\/\/rmgroup.es\/barcelona\/","logo":{"@type":"ImageObject","inLanguage":"es","@id":"https:\/\/rmgroup.es\/barcelona\/#\/schema\/logo\/image\/","url":"https:\/\/rmgroup.es\/barcelona\/wp-content\/uploads\/sites\/2\/2024\/06\/logo-rmgroup.svg","contentUrl":"https:\/\/rmgroup.es\/barcelona\/wp-content\/uploads\/sites\/2\/2024\/06\/logo-rmgroup.svg","width":474,"height":79,"caption":"RMGroup Barcelona"},"image":{"@id":"https:\/\/rmgroup.es\/barcelona\/#\/schema\/logo\/image\/"}}]}},"_links":{"self":[{"href":"https:\/\/rmgroup.es\/barcelona\/wp-json\/wp\/v2\/product\/8789","targetHints":{"allow":["GET"]}}],"collection":[{"href":"https:\/\/rmgroup.es\/barcelona\/wp-json\/wp\/v2\/product"}],"about":[{"href":"https:\/\/rmgroup.es\/barcelona\/wp-json\/wp\/v2\/types\/product"}],"replies":[{"embeddable":true,"href":"https:\/\/rmgroup.es\/barcelona\/wp-json\/wp\/v2\/comments?post=8789"}],"version-history":[{"count":1,"href":"https:\/\/rmgroup.es\/barcelona\/wp-json\/wp\/v2\/product\/8789\/revisions"}],"predecessor-version":[{"id":9613,"href":"https:\/\/rmgroup.es\/barcelona\/wp-json\/wp\/v2\/product\/8789\/revisions\/9613"}],"wp:featuredmedia":[{"embeddable":true,"href":"https:\/\/rmgroup.es\/barcelona\/wp-json\/wp\/v2\/media\/11947"}],"wp:attachment":[{"href":"https:\/\/rmgroup.es\/barcelona\/wp-json\/wp\/v2\/media?parent=8789"}],"wp:term":[{"taxonomy":"brand","embeddable":true,"href":"https:\/\/rmgroup.es\/barcelona\/wp-json\/wp\/v2\/etheme_brands?post=8789"},{"taxonomy":"product_brand","embeddable":true,"href":"https:\/\/rmgroup.es\/barcelona\/wp-json\/wp\/v2\/product_brand?post=8789"},{"taxonomy":"product_cat","embeddable":true,"href":"https:\/\/rmgroup.es\/barcelona\/wp-json\/wp\/v2\/product_cat?post=8789"},{"taxonomy":"product_tag","embeddable":true,"href":"https:\/\/rmgroup.es\/barcelona\/wp-json\/wp\/v2\/product_tag?post=8789"}],"curies":[{"name":"wp","href":"https:\/\/api.w.org\/{rel}","templated":true}]}}