{"id":8773,"date":"2025-03-25T09:46:18","date_gmt":"2025-03-25T08:46:18","guid":{"rendered":"https:\/\/rmgroup.es\/barcelona\/producto\/luxardo-perla-dry-700ml-200-anos-40\/"},"modified":"2026-03-02T12:13:35","modified_gmt":"2026-03-02T11:13:35","slug":"luxardo-perla-dry-700ml-200-anos-40","status":"publish","type":"product","link":"https:\/\/rmgroup.es\/barcelona\/producto\/luxardo-perla-dry-700ml-200-anos-40\/","title":{"rendered":"Luxardo Perla Dry 700ml (200 a\u00f1os) 40%"},"content":{"rendered":"<p>En una edici\u00f3n estrictamente limitada, el producto m\u00e1s prestigioso de su gama, el Maraschino Perla Dry. Este Maraschino Luxardo Riserva Speciale se produjo por \u00faltima vez en los a\u00f1os 70. Maraschino Perla Dry tiene un alto contenido de alcohol (40% alc.\/vol.), un contenido de az\u00facar considerablemente reducido (de ah\u00ed el t\u00e9rmino \u201cseco\u201d) y una base de destilado de cereza marasca de m\u00e1s de 50 a\u00f1os.<\/p>\n","protected":false},"excerpt":{"rendered":"<p>En una edici\u00f3n estrictamente limitada, el producto m\u00e1s prestigioso de su gama, el Maraschino Perla Dry. Este Maraschino Luxardo Riserva Speciale se produjo por \u00faltima&#8230;<\/p>\n","protected":false},"featured_media":3280,"comment_status":"closed","ping_status":"closed","template":"","meta":{"_joinchat":[]},"etheme_brands":[{"term_id":165,"name":"Luxardo","slug":"luxardo","term_group":0,"term_taxonomy_id":165,"taxonomy":"brand","description":"","parent":0,"count":36,"filter":"raw"}],"product_brand":[],"product_cat":[252,259],"product_tag":[98],"class_list":{"0":"post-8773","1":"product","2":"type-product","3":"status-publish","4":"has-post-thumbnail","6":"brand-luxardo","7":"product_cat-bebidas","8":"product_cat-licores-bebidas","9":"product_tag-lu-luxardo","10":"pa_unidades-1-unidad1-unidades","11":"pa_unidades-1-unidades","13":"first","14":"instock","15":"taxable","16":"shipping-taxable","17":"purchasable","18":"product-type-variable","19":"has-default-attributes"},"yoast_head":"<!-- This site is optimized with the Yoast SEO plugin v27.2 - https:\/\/yoast.com\/product\/yoast-seo-wordpress\/ -->\n<title>Luxardo Perla Dry 700ml (200 a\u00f1os) 40% - RMGroup Barcelona<\/title>\n<meta name=\"robots\" content=\"index, follow, max-snippet:-1, max-image-preview:large, max-video-preview:-1\" \/>\n<link rel=\"canonical\" href=\"https:\/\/rmgroup.es\/barcelona\/producto\/luxardo-perla-dry-700ml-200-anos-40\/\" \/>\n<meta property=\"og:locale\" content=\"es_ES\" \/>\n<meta property=\"og:type\" content=\"article\" \/>\n<meta property=\"og:title\" content=\"Luxardo Perla Dry 700ml (200 a\u00f1os) 40% - RMGroup Barcelona\" \/>\n<meta property=\"og:description\" content=\"En una edici\u00f3n estrictamente limitada, el producto m\u00e1s prestigioso de su gama, el Maraschino Perla Dry. Este Maraschino Luxardo Riserva Speciale se produjo por \u00faltima...\" \/>\n<meta property=\"og:url\" content=\"https:\/\/rmgroup.es\/barcelona\/producto\/luxardo-perla-dry-700ml-200-anos-40\/\" \/>\n<meta property=\"og:site_name\" content=\"RMGroup Barcelona\" \/>\n<meta property=\"article:modified_time\" content=\"2026-03-02T11:13:35+00:00\" \/>\n<meta property=\"og:image\" content=\"https:\/\/rmgroup.es\/barcelona\/wp-content\/uploads\/sites\/2\/2024\/07\/Luxardo-Perla-Dry-700ml-200-anos-40.png\" \/>\n\t<meta property=\"og:image:width\" content=\"850\" \/>\n\t<meta property=\"og:image:height\" content=\"850\" \/>\n\t<meta property=\"og:image:type\" content=\"image\/png\" \/>\n<meta name=\"twitter:card\" content=\"summary_large_image\" \/>\n<meta name=\"twitter:label1\" content=\"Tiempo de lectura\" \/>\n\t<meta name=\"twitter:data1\" content=\"1 minuto\" \/>\n<script type=\"application\/ld+json\" class=\"yoast-schema-graph\">{\"@context\":\"https:\/\/schema.org\",\"@graph\":[{\"@type\":\"WebPage\",\"@id\":\"https:\/\/rmgroup.es\/barcelona\/producto\/luxardo-perla-dry-700ml-200-anos-40\/\",\"url\":\"https:\/\/rmgroup.es\/barcelona\/producto\/luxardo-perla-dry-700ml-200-anos-40\/\",\"name\":\"Luxardo Perla Dry 700ml (200 a\u00f1os) 40% - RMGroup Barcelona\",\"isPartOf\":{\"@id\":\"https:\/\/rmgroup.es\/barcelona\/#website\"},\"primaryImageOfPage\":{\"@id\":\"https:\/\/rmgroup.es\/barcelona\/producto\/luxardo-perla-dry-700ml-200-anos-40\/#primaryimage\"},\"image\":{\"@id\":\"https:\/\/rmgroup.es\/barcelona\/producto\/luxardo-perla-dry-700ml-200-anos-40\/#primaryimage\"},\"thumbnailUrl\":\"https:\/\/rmgroup.es\/barcelona\/wp-content\/uploads\/sites\/2\/2024\/07\/Luxardo-Perla-Dry-700ml-200-anos-40.png\",\"datePublished\":\"2025-03-25T08:46:18+00:00\",\"dateModified\":\"2026-03-02T11:13:35+00:00\",\"breadcrumb\":{\"@id\":\"https:\/\/rmgroup.es\/barcelona\/producto\/luxardo-perla-dry-700ml-200-anos-40\/#breadcrumb\"},\"inLanguage\":\"es\",\"potentialAction\":[{\"@type\":\"ReadAction\",\"target\":[\"https:\/\/rmgroup.es\/barcelona\/producto\/luxardo-perla-dry-700ml-200-anos-40\/\"]}]},{\"@type\":\"ImageObject\",\"inLanguage\":\"es\",\"@id\":\"https:\/\/rmgroup.es\/barcelona\/producto\/luxardo-perla-dry-700ml-200-anos-40\/#primaryimage\",\"url\":\"https:\/\/rmgroup.es\/barcelona\/wp-content\/uploads\/sites\/2\/2024\/07\/Luxardo-Perla-Dry-700ml-200-anos-40.png\",\"contentUrl\":\"https:\/\/rmgroup.es\/barcelona\/wp-content\/uploads\/sites\/2\/2024\/07\/Luxardo-Perla-Dry-700ml-200-anos-40.png\",\"width\":850,\"height\":850},{\"@type\":\"BreadcrumbList\",\"@id\":\"https:\/\/rmgroup.es\/barcelona\/producto\/luxardo-perla-dry-700ml-200-anos-40\/#breadcrumb\",\"itemListElement\":[{\"@type\":\"ListItem\",\"position\":1,\"name\":\"Portada\",\"item\":\"https:\/\/rmgroup.es\/barcelona\/\"},{\"@type\":\"ListItem\",\"position\":2,\"name\":\"Tienda\",\"item\":\"https:\/\/rmgroup.es\/barcelona\/tienda\/\"},{\"@type\":\"ListItem\",\"position\":3,\"name\":\"Luxardo Perla Dry 700ml (200 a\u00f1os) 40%\"}]},{\"@type\":\"WebSite\",\"@id\":\"https:\/\/rmgroup.es\/barcelona\/#website\",\"url\":\"https:\/\/rmgroup.es\/barcelona\/\",\"name\":\"RMGroup Barcelona\",\"description\":\"Tienda online de bebidas para empresas y aut\u00f3nomos\",\"publisher\":{\"@id\":\"https:\/\/rmgroup.es\/barcelona\/#organization\"},\"potentialAction\":[{\"@type\":\"SearchAction\",\"target\":{\"@type\":\"EntryPoint\",\"urlTemplate\":\"https:\/\/rmgroup.es\/barcelona\/?s={search_term_string}\"},\"query-input\":{\"@type\":\"PropertyValueSpecification\",\"valueRequired\":true,\"valueName\":\"search_term_string\"}}],\"inLanguage\":\"es\"},{\"@type\":\"Organization\",\"@id\":\"https:\/\/rmgroup.es\/barcelona\/#organization\",\"name\":\"RMGroup Barcelona\",\"url\":\"https:\/\/rmgroup.es\/barcelona\/\",\"logo\":{\"@type\":\"ImageObject\",\"inLanguage\":\"es\",\"@id\":\"https:\/\/rmgroup.es\/barcelona\/#\/schema\/logo\/image\/\",\"url\":\"https:\/\/rmgroup.es\/barcelona\/wp-content\/uploads\/sites\/2\/2024\/06\/logo-rmgroup.svg\",\"contentUrl\":\"https:\/\/rmgroup.es\/barcelona\/wp-content\/uploads\/sites\/2\/2024\/06\/logo-rmgroup.svg\",\"width\":474,\"height\":79,\"caption\":\"RMGroup Barcelona\"},\"image\":{\"@id\":\"https:\/\/rmgroup.es\/barcelona\/#\/schema\/logo\/image\/\"}}]}<\/script>\n<!-- \/ Yoast SEO plugin. -->","yoast_head_json":{"title":"Luxardo Perla Dry 700ml (200 a\u00f1os) 40% - RMGroup Barcelona","robots":{"index":"index","follow":"follow","max-snippet":"max-snippet:-1","max-image-preview":"max-image-preview:large","max-video-preview":"max-video-preview:-1"},"canonical":"https:\/\/rmgroup.es\/barcelona\/producto\/luxardo-perla-dry-700ml-200-anos-40\/","og_locale":"es_ES","og_type":"article","og_title":"Luxardo Perla Dry 700ml (200 a\u00f1os) 40% - RMGroup Barcelona","og_description":"En una edici\u00f3n estrictamente limitada, el producto m\u00e1s prestigioso de su gama, el Maraschino Perla Dry. Este Maraschino Luxardo Riserva Speciale se produjo por \u00faltima...","og_url":"https:\/\/rmgroup.es\/barcelona\/producto\/luxardo-perla-dry-700ml-200-anos-40\/","og_site_name":"RMGroup Barcelona","article_modified_time":"2026-03-02T11:13:35+00:00","og_image":[{"width":850,"height":850,"url":"https:\/\/rmgroup.es\/barcelona\/wp-content\/uploads\/sites\/2\/2024\/07\/Luxardo-Perla-Dry-700ml-200-anos-40.png","type":"image\/png"}],"twitter_card":"summary_large_image","twitter_misc":{"Tiempo de lectura":"1 minuto"},"schema":{"@context":"https:\/\/schema.org","@graph":[{"@type":"WebPage","@id":"https:\/\/rmgroup.es\/barcelona\/producto\/luxardo-perla-dry-700ml-200-anos-40\/","url":"https:\/\/rmgroup.es\/barcelona\/producto\/luxardo-perla-dry-700ml-200-anos-40\/","name":"Luxardo Perla Dry 700ml (200 a\u00f1os) 40% - RMGroup Barcelona","isPartOf":{"@id":"https:\/\/rmgroup.es\/barcelona\/#website"},"primaryImageOfPage":{"@id":"https:\/\/rmgroup.es\/barcelona\/producto\/luxardo-perla-dry-700ml-200-anos-40\/#primaryimage"},"image":{"@id":"https:\/\/rmgroup.es\/barcelona\/producto\/luxardo-perla-dry-700ml-200-anos-40\/#primaryimage"},"thumbnailUrl":"https:\/\/rmgroup.es\/barcelona\/wp-content\/uploads\/sites\/2\/2024\/07\/Luxardo-Perla-Dry-700ml-200-anos-40.png","datePublished":"2025-03-25T08:46:18+00:00","dateModified":"2026-03-02T11:13:35+00:00","breadcrumb":{"@id":"https:\/\/rmgroup.es\/barcelona\/producto\/luxardo-perla-dry-700ml-200-anos-40\/#breadcrumb"},"inLanguage":"es","potentialAction":[{"@type":"ReadAction","target":["https:\/\/rmgroup.es\/barcelona\/producto\/luxardo-perla-dry-700ml-200-anos-40\/"]}]},{"@type":"ImageObject","inLanguage":"es","@id":"https:\/\/rmgroup.es\/barcelona\/producto\/luxardo-perla-dry-700ml-200-anos-40\/#primaryimage","url":"https:\/\/rmgroup.es\/barcelona\/wp-content\/uploads\/sites\/2\/2024\/07\/Luxardo-Perla-Dry-700ml-200-anos-40.png","contentUrl":"https:\/\/rmgroup.es\/barcelona\/wp-content\/uploads\/sites\/2\/2024\/07\/Luxardo-Perla-Dry-700ml-200-anos-40.png","width":850,"height":850},{"@type":"BreadcrumbList","@id":"https:\/\/rmgroup.es\/barcelona\/producto\/luxardo-perla-dry-700ml-200-anos-40\/#breadcrumb","itemListElement":[{"@type":"ListItem","position":1,"name":"Portada","item":"https:\/\/rmgroup.es\/barcelona\/"},{"@type":"ListItem","position":2,"name":"Tienda","item":"https:\/\/rmgroup.es\/barcelona\/tienda\/"},{"@type":"ListItem","position":3,"name":"Luxardo Perla Dry 700ml (200 a\u00f1os) 40%"}]},{"@type":"WebSite","@id":"https:\/\/rmgroup.es\/barcelona\/#website","url":"https:\/\/rmgroup.es\/barcelona\/","name":"RMGroup Barcelona","description":"Tienda online de bebidas para empresas y aut\u00f3nomos","publisher":{"@id":"https:\/\/rmgroup.es\/barcelona\/#organization"},"potentialAction":[{"@type":"SearchAction","target":{"@type":"EntryPoint","urlTemplate":"https:\/\/rmgroup.es\/barcelona\/?s={search_term_string}"},"query-input":{"@type":"PropertyValueSpecification","valueRequired":true,"valueName":"search_term_string"}}],"inLanguage":"es"},{"@type":"Organization","@id":"https:\/\/rmgroup.es\/barcelona\/#organization","name":"RMGroup Barcelona","url":"https:\/\/rmgroup.es\/barcelona\/","logo":{"@type":"ImageObject","inLanguage":"es","@id":"https:\/\/rmgroup.es\/barcelona\/#\/schema\/logo\/image\/","url":"https:\/\/rmgroup.es\/barcelona\/wp-content\/uploads\/sites\/2\/2024\/06\/logo-rmgroup.svg","contentUrl":"https:\/\/rmgroup.es\/barcelona\/wp-content\/uploads\/sites\/2\/2024\/06\/logo-rmgroup.svg","width":474,"height":79,"caption":"RMGroup Barcelona"},"image":{"@id":"https:\/\/rmgroup.es\/barcelona\/#\/schema\/logo\/image\/"}}]}},"_links":{"self":[{"href":"https:\/\/rmgroup.es\/barcelona\/wp-json\/wp\/v2\/product\/8773","targetHints":{"allow":["GET"]}}],"collection":[{"href":"https:\/\/rmgroup.es\/barcelona\/wp-json\/wp\/v2\/product"}],"about":[{"href":"https:\/\/rmgroup.es\/barcelona\/wp-json\/wp\/v2\/types\/product"}],"replies":[{"embeddable":true,"href":"https:\/\/rmgroup.es\/barcelona\/wp-json\/wp\/v2\/comments?post=8773"}],"version-history":[{"count":2,"href":"https:\/\/rmgroup.es\/barcelona\/wp-json\/wp\/v2\/product\/8773\/revisions"}],"predecessor-version":[{"id":12182,"href":"https:\/\/rmgroup.es\/barcelona\/wp-json\/wp\/v2\/product\/8773\/revisions\/12182"}],"wp:featuredmedia":[{"embeddable":true,"href":"https:\/\/rmgroup.es\/barcelona\/wp-json\/wp\/v2\/media\/3280"}],"wp:attachment":[{"href":"https:\/\/rmgroup.es\/barcelona\/wp-json\/wp\/v2\/media?parent=8773"}],"wp:term":[{"taxonomy":"brand","embeddable":true,"href":"https:\/\/rmgroup.es\/barcelona\/wp-json\/wp\/v2\/etheme_brands?post=8773"},{"taxonomy":"product_brand","embeddable":true,"href":"https:\/\/rmgroup.es\/barcelona\/wp-json\/wp\/v2\/product_brand?post=8773"},{"taxonomy":"product_cat","embeddable":true,"href":"https:\/\/rmgroup.es\/barcelona\/wp-json\/wp\/v2\/product_cat?post=8773"},{"taxonomy":"product_tag","embeddable":true,"href":"https:\/\/rmgroup.es\/barcelona\/wp-json\/wp\/v2\/product_tag?post=8773"}],"curies":[{"name":"wp","href":"https:\/\/api.w.org\/{rel}","templated":true}]}}