{"id":8757,"date":"2025-03-25T09:46:14","date_gmt":"2025-03-25T08:46:14","guid":{"rendered":"https:\/\/rmgroup.es\/barcelona\/producto\/luxardo-sambuca-dei-cesari-botella-700ml-38\/"},"modified":"2026-03-30T12:36:13","modified_gmt":"2026-03-30T10:36:13","slug":"luxardo-sambuca-dei-cesari-botella-700ml-38","status":"publish","type":"product","link":"https:\/\/rmgroup.es\/barcelona\/producto\/luxardo-sambuca-dei-cesari-botella-700ml-38\/","title":{"rendered":"Luxardo Sambuca dei Cesari Botella 700ml 38%"},"content":{"rendered":"<p>La planta del an\u00eds, originaria de China, ya era conocida en la antig\u00fcedad por sus propiedades terap\u00e9uticas. Adem\u00e1s del an\u00eds estrellado, los principales ingredientes del cl\u00e1sico italiano son hierbas, especias, az\u00facar, alcohol y agua volc\u00e1nica pura. Este licor cl\u00e1sico madura en grandes recipientes de roble y se revela redondo y equilibrado.<\/p>\n","protected":false},"excerpt":{"rendered":"<p>La planta del an\u00eds, originaria de China, ya era conocida en la antig\u00fcedad por sus propiedades terap\u00e9uticas. Adem\u00e1s del an\u00eds estrellado, los principales ingredientes del&#8230;<\/p>\n","protected":false},"featured_media":3282,"comment_status":"closed","ping_status":"open","template":"","meta":{"_joinchat":[]},"etheme_brands":[{"term_id":165,"name":"Luxardo","slug":"luxardo","term_group":0,"term_taxonomy_id":165,"taxonomy":"brand","description":"","parent":0,"count":36,"filter":"raw"}],"product_brand":[],"product_cat":[252,259],"product_tag":[98],"class_list":{"0":"post-8757","1":"product","2":"type-product","3":"status-publish","4":"has-post-thumbnail","6":"brand-luxardo","7":"product_cat-bebidas","8":"product_cat-licores-bebidas","9":"product_tag-lu-luxardo","10":"pa_unidades-1-unidad","11":"pa_unidades-1-unidad6-unidades","12":"pa_unidades-6-unidades","14":"first","15":"instock","16":"taxable","17":"shipping-taxable","18":"purchasable","19":"product-type-variable"},"yoast_head":"<!-- This site is optimized with the Yoast SEO plugin v27.2 - https:\/\/yoast.com\/product\/yoast-seo-wordpress\/ -->\n<title>Luxardo Sambuca dei Cesari Botella 700ml 38% - RMGroup Barcelona<\/title>\n<meta name=\"robots\" content=\"index, follow, max-snippet:-1, max-image-preview:large, max-video-preview:-1\" \/>\n<link rel=\"canonical\" href=\"https:\/\/rmgroup.es\/barcelona\/producto\/luxardo-sambuca-dei-cesari-botella-700ml-38\/\" \/>\n<meta property=\"og:locale\" content=\"es_ES\" \/>\n<meta property=\"og:type\" content=\"article\" \/>\n<meta property=\"og:title\" content=\"Luxardo Sambuca dei Cesari Botella 700ml 38% - RMGroup Barcelona\" \/>\n<meta property=\"og:description\" content=\"La planta del an\u00eds, originaria de China, ya era conocida en la antig\u00fcedad por sus propiedades terap\u00e9uticas. Adem\u00e1s del an\u00eds estrellado, los principales ingredientes del...\" \/>\n<meta property=\"og:url\" content=\"https:\/\/rmgroup.es\/barcelona\/producto\/luxardo-sambuca-dei-cesari-botella-700ml-38\/\" \/>\n<meta property=\"og:site_name\" content=\"RMGroup Barcelona\" \/>\n<meta property=\"article:modified_time\" content=\"2026-03-30T10:36:13+00:00\" \/>\n<meta property=\"og:image\" content=\"https:\/\/rmgroup.es\/barcelona\/wp-content\/uploads\/sites\/2\/2024\/07\/Luxardo-Sambuca-dei-Cesari-Bot.6x700ml.png\" \/>\n\t<meta property=\"og:image:width\" content=\"850\" \/>\n\t<meta property=\"og:image:height\" content=\"850\" \/>\n\t<meta property=\"og:image:type\" content=\"image\/png\" \/>\n<meta name=\"twitter:card\" content=\"summary_large_image\" \/>\n<script type=\"application\/ld+json\" class=\"yoast-schema-graph\">{\"@context\":\"https:\/\/schema.org\",\"@graph\":[{\"@type\":\"WebPage\",\"@id\":\"https:\/\/rmgroup.es\/barcelona\/producto\/luxardo-sambuca-dei-cesari-botella-700ml-38\/\",\"url\":\"https:\/\/rmgroup.es\/barcelona\/producto\/luxardo-sambuca-dei-cesari-botella-700ml-38\/\",\"name\":\"Luxardo Sambuca dei Cesari Botella 700ml 38% - RMGroup Barcelona\",\"isPartOf\":{\"@id\":\"https:\/\/rmgroup.es\/barcelona\/#website\"},\"primaryImageOfPage\":{\"@id\":\"https:\/\/rmgroup.es\/barcelona\/producto\/luxardo-sambuca-dei-cesari-botella-700ml-38\/#primaryimage\"},\"image\":{\"@id\":\"https:\/\/rmgroup.es\/barcelona\/producto\/luxardo-sambuca-dei-cesari-botella-700ml-38\/#primaryimage\"},\"thumbnailUrl\":\"https:\/\/rmgroup.es\/barcelona\/wp-content\/uploads\/sites\/2\/2024\/07\/Luxardo-Sambuca-dei-Cesari-Bot.6x700ml.png\",\"datePublished\":\"2025-03-25T08:46:14+00:00\",\"dateModified\":\"2026-03-30T10:36:13+00:00\",\"breadcrumb\":{\"@id\":\"https:\/\/rmgroup.es\/barcelona\/producto\/luxardo-sambuca-dei-cesari-botella-700ml-38\/#breadcrumb\"},\"inLanguage\":\"es\",\"potentialAction\":[{\"@type\":\"ReadAction\",\"target\":[\"https:\/\/rmgroup.es\/barcelona\/producto\/luxardo-sambuca-dei-cesari-botella-700ml-38\/\"]}]},{\"@type\":\"ImageObject\",\"inLanguage\":\"es\",\"@id\":\"https:\/\/rmgroup.es\/barcelona\/producto\/luxardo-sambuca-dei-cesari-botella-700ml-38\/#primaryimage\",\"url\":\"https:\/\/rmgroup.es\/barcelona\/wp-content\/uploads\/sites\/2\/2024\/07\/Luxardo-Sambuca-dei-Cesari-Bot.6x700ml.png\",\"contentUrl\":\"https:\/\/rmgroup.es\/barcelona\/wp-content\/uploads\/sites\/2\/2024\/07\/Luxardo-Sambuca-dei-Cesari-Bot.6x700ml.png\",\"width\":850,\"height\":850},{\"@type\":\"BreadcrumbList\",\"@id\":\"https:\/\/rmgroup.es\/barcelona\/producto\/luxardo-sambuca-dei-cesari-botella-700ml-38\/#breadcrumb\",\"itemListElement\":[{\"@type\":\"ListItem\",\"position\":1,\"name\":\"Portada\",\"item\":\"https:\/\/rmgroup.es\/barcelona\/\"},{\"@type\":\"ListItem\",\"position\":2,\"name\":\"Tienda\",\"item\":\"https:\/\/rmgroup.es\/barcelona\/tienda\/\"},{\"@type\":\"ListItem\",\"position\":3,\"name\":\"Luxardo Sambuca dei Cesari Botella 700ml 38%\"}]},{\"@type\":\"WebSite\",\"@id\":\"https:\/\/rmgroup.es\/barcelona\/#website\",\"url\":\"https:\/\/rmgroup.es\/barcelona\/\",\"name\":\"RMGroup Barcelona\",\"description\":\"Tienda online de bebidas para empresas y aut\u00f3nomos\",\"publisher\":{\"@id\":\"https:\/\/rmgroup.es\/barcelona\/#organization\"},\"potentialAction\":[{\"@type\":\"SearchAction\",\"target\":{\"@type\":\"EntryPoint\",\"urlTemplate\":\"https:\/\/rmgroup.es\/barcelona\/?s={search_term_string}\"},\"query-input\":{\"@type\":\"PropertyValueSpecification\",\"valueRequired\":true,\"valueName\":\"search_term_string\"}}],\"inLanguage\":\"es\"},{\"@type\":\"Organization\",\"@id\":\"https:\/\/rmgroup.es\/barcelona\/#organization\",\"name\":\"RMGroup Barcelona\",\"url\":\"https:\/\/rmgroup.es\/barcelona\/\",\"logo\":{\"@type\":\"ImageObject\",\"inLanguage\":\"es\",\"@id\":\"https:\/\/rmgroup.es\/barcelona\/#\/schema\/logo\/image\/\",\"url\":\"https:\/\/rmgroup.es\/barcelona\/wp-content\/uploads\/sites\/2\/2024\/06\/logo-rmgroup.svg\",\"contentUrl\":\"https:\/\/rmgroup.es\/barcelona\/wp-content\/uploads\/sites\/2\/2024\/06\/logo-rmgroup.svg\",\"width\":474,\"height\":79,\"caption\":\"RMGroup Barcelona\"},\"image\":{\"@id\":\"https:\/\/rmgroup.es\/barcelona\/#\/schema\/logo\/image\/\"}}]}<\/script>\n<!-- \/ Yoast SEO plugin. -->","yoast_head_json":{"title":"Luxardo Sambuca dei Cesari Botella 700ml 38% - RMGroup Barcelona","robots":{"index":"index","follow":"follow","max-snippet":"max-snippet:-1","max-image-preview":"max-image-preview:large","max-video-preview":"max-video-preview:-1"},"canonical":"https:\/\/rmgroup.es\/barcelona\/producto\/luxardo-sambuca-dei-cesari-botella-700ml-38\/","og_locale":"es_ES","og_type":"article","og_title":"Luxardo Sambuca dei Cesari Botella 700ml 38% - RMGroup Barcelona","og_description":"La planta del an\u00eds, originaria de China, ya era conocida en la antig\u00fcedad por sus propiedades terap\u00e9uticas. Adem\u00e1s del an\u00eds estrellado, los principales ingredientes del...","og_url":"https:\/\/rmgroup.es\/barcelona\/producto\/luxardo-sambuca-dei-cesari-botella-700ml-38\/","og_site_name":"RMGroup Barcelona","article_modified_time":"2026-03-30T10:36:13+00:00","og_image":[{"width":850,"height":850,"url":"https:\/\/rmgroup.es\/barcelona\/wp-content\/uploads\/sites\/2\/2024\/07\/Luxardo-Sambuca-dei-Cesari-Bot.6x700ml.png","type":"image\/png"}],"twitter_card":"summary_large_image","schema":{"@context":"https:\/\/schema.org","@graph":[{"@type":"WebPage","@id":"https:\/\/rmgroup.es\/barcelona\/producto\/luxardo-sambuca-dei-cesari-botella-700ml-38\/","url":"https:\/\/rmgroup.es\/barcelona\/producto\/luxardo-sambuca-dei-cesari-botella-700ml-38\/","name":"Luxardo Sambuca dei Cesari Botella 700ml 38% - RMGroup Barcelona","isPartOf":{"@id":"https:\/\/rmgroup.es\/barcelona\/#website"},"primaryImageOfPage":{"@id":"https:\/\/rmgroup.es\/barcelona\/producto\/luxardo-sambuca-dei-cesari-botella-700ml-38\/#primaryimage"},"image":{"@id":"https:\/\/rmgroup.es\/barcelona\/producto\/luxardo-sambuca-dei-cesari-botella-700ml-38\/#primaryimage"},"thumbnailUrl":"https:\/\/rmgroup.es\/barcelona\/wp-content\/uploads\/sites\/2\/2024\/07\/Luxardo-Sambuca-dei-Cesari-Bot.6x700ml.png","datePublished":"2025-03-25T08:46:14+00:00","dateModified":"2026-03-30T10:36:13+00:00","breadcrumb":{"@id":"https:\/\/rmgroup.es\/barcelona\/producto\/luxardo-sambuca-dei-cesari-botella-700ml-38\/#breadcrumb"},"inLanguage":"es","potentialAction":[{"@type":"ReadAction","target":["https:\/\/rmgroup.es\/barcelona\/producto\/luxardo-sambuca-dei-cesari-botella-700ml-38\/"]}]},{"@type":"ImageObject","inLanguage":"es","@id":"https:\/\/rmgroup.es\/barcelona\/producto\/luxardo-sambuca-dei-cesari-botella-700ml-38\/#primaryimage","url":"https:\/\/rmgroup.es\/barcelona\/wp-content\/uploads\/sites\/2\/2024\/07\/Luxardo-Sambuca-dei-Cesari-Bot.6x700ml.png","contentUrl":"https:\/\/rmgroup.es\/barcelona\/wp-content\/uploads\/sites\/2\/2024\/07\/Luxardo-Sambuca-dei-Cesari-Bot.6x700ml.png","width":850,"height":850},{"@type":"BreadcrumbList","@id":"https:\/\/rmgroup.es\/barcelona\/producto\/luxardo-sambuca-dei-cesari-botella-700ml-38\/#breadcrumb","itemListElement":[{"@type":"ListItem","position":1,"name":"Portada","item":"https:\/\/rmgroup.es\/barcelona\/"},{"@type":"ListItem","position":2,"name":"Tienda","item":"https:\/\/rmgroup.es\/barcelona\/tienda\/"},{"@type":"ListItem","position":3,"name":"Luxardo Sambuca dei Cesari Botella 700ml 38%"}]},{"@type":"WebSite","@id":"https:\/\/rmgroup.es\/barcelona\/#website","url":"https:\/\/rmgroup.es\/barcelona\/","name":"RMGroup Barcelona","description":"Tienda online de bebidas para empresas y aut\u00f3nomos","publisher":{"@id":"https:\/\/rmgroup.es\/barcelona\/#organization"},"potentialAction":[{"@type":"SearchAction","target":{"@type":"EntryPoint","urlTemplate":"https:\/\/rmgroup.es\/barcelona\/?s={search_term_string}"},"query-input":{"@type":"PropertyValueSpecification","valueRequired":true,"valueName":"search_term_string"}}],"inLanguage":"es"},{"@type":"Organization","@id":"https:\/\/rmgroup.es\/barcelona\/#organization","name":"RMGroup Barcelona","url":"https:\/\/rmgroup.es\/barcelona\/","logo":{"@type":"ImageObject","inLanguage":"es","@id":"https:\/\/rmgroup.es\/barcelona\/#\/schema\/logo\/image\/","url":"https:\/\/rmgroup.es\/barcelona\/wp-content\/uploads\/sites\/2\/2024\/06\/logo-rmgroup.svg","contentUrl":"https:\/\/rmgroup.es\/barcelona\/wp-content\/uploads\/sites\/2\/2024\/06\/logo-rmgroup.svg","width":474,"height":79,"caption":"RMGroup Barcelona"},"image":{"@id":"https:\/\/rmgroup.es\/barcelona\/#\/schema\/logo\/image\/"}}]}},"_links":{"self":[{"href":"https:\/\/rmgroup.es\/barcelona\/wp-json\/wp\/v2\/product\/8757","targetHints":{"allow":["GET"]}}],"collection":[{"href":"https:\/\/rmgroup.es\/barcelona\/wp-json\/wp\/v2\/product"}],"about":[{"href":"https:\/\/rmgroup.es\/barcelona\/wp-json\/wp\/v2\/types\/product"}],"replies":[{"embeddable":true,"href":"https:\/\/rmgroup.es\/barcelona\/wp-json\/wp\/v2\/comments?post=8757"}],"version-history":[{"count":1,"href":"https:\/\/rmgroup.es\/barcelona\/wp-json\/wp\/v2\/product\/8757\/revisions"}],"predecessor-version":[{"id":9605,"href":"https:\/\/rmgroup.es\/barcelona\/wp-json\/wp\/v2\/product\/8757\/revisions\/9605"}],"wp:featuredmedia":[{"embeddable":true,"href":"https:\/\/rmgroup.es\/barcelona\/wp-json\/wp\/v2\/media\/3282"}],"wp:attachment":[{"href":"https:\/\/rmgroup.es\/barcelona\/wp-json\/wp\/v2\/media?parent=8757"}],"wp:term":[{"taxonomy":"brand","embeddable":true,"href":"https:\/\/rmgroup.es\/barcelona\/wp-json\/wp\/v2\/etheme_brands?post=8757"},{"taxonomy":"product_brand","embeddable":true,"href":"https:\/\/rmgroup.es\/barcelona\/wp-json\/wp\/v2\/product_brand?post=8757"},{"taxonomy":"product_cat","embeddable":true,"href":"https:\/\/rmgroup.es\/barcelona\/wp-json\/wp\/v2\/product_cat?post=8757"},{"taxonomy":"product_tag","embeddable":true,"href":"https:\/\/rmgroup.es\/barcelona\/wp-json\/wp\/v2\/product_tag?post=8757"}],"curies":[{"name":"wp","href":"https:\/\/api.w.org\/{rel}","templated":true}]}}