{"id":8713,"date":"2025-03-25T09:46:04","date_gmt":"2025-03-25T08:46:04","guid":{"rendered":"https:\/\/rmgroup.es\/barcelona\/producto\/luxardo-licor-maraschino-botella-700ml-32\/"},"modified":"2026-03-29T18:06:11","modified_gmt":"2026-03-29T16:06:11","slug":"luxardo-licor-maraschino-botella-700ml-32","status":"publish","type":"product","link":"https:\/\/rmgroup.es\/barcelona\/producto\/luxardo-licor-maraschino-botella-700ml-32\/","title":{"rendered":"Luxardo Licor Maraschino Botella 700ml 32%"},"content":{"rendered":"<p>El marrasquino original es un cl\u00e1sico de la casa Luxardo. La t\u00edpica botella recubierta de paja se ha convertido en un aut\u00e9ntico icono del mercado. El Mascharino de Luxardo es uno de los pocos licores del mundo elaborado mediante la destilaci\u00f3n de guindas cosechadas expresamente para ello. El destilado madura durante dos a\u00f1os en madera de fresno finlandesa, luego se le a\u00f1ade agua para hacerlo apto para el consumo y se refina con az\u00facar. En nariz se reconocen inmediatamente notas de guinda que parecen finamente fusionadas. El paladar revela un dulzor claro, notas ligeramente amargas y discretos matices de almendra. El sabor inconfundible procede de la cereza amarga y los huesos triturados de las cerezas de confieren un sabor que recuerda a la almendra.<\/p>\n","protected":false},"excerpt":{"rendered":"<p>El marrasquino original es un cl\u00e1sico de la casa Luxardo. La t\u00edpica botella recubierta de paja se ha convertido en un aut\u00e9ntico icono del mercado&#8230;.<\/p>\n","protected":false},"featured_media":3276,"comment_status":"closed","ping_status":"open","template":"","meta":{"_joinchat":[]},"etheme_brands":[{"term_id":165,"name":"Luxardo","slug":"luxardo","term_group":0,"term_taxonomy_id":165,"taxonomy":"brand","description":"","parent":0,"count":36,"filter":"raw"}],"product_brand":[],"product_cat":[252,259],"product_tag":[98],"class_list":{"0":"post-8713","1":"product","2":"type-product","3":"status-publish","4":"has-post-thumbnail","6":"brand-luxardo","7":"product_cat-bebidas","8":"product_cat-licores-bebidas","9":"product_tag-lu-luxardo","10":"pa_unidades-1-unidad","11":"pa_unidades-1-unidad6-unidades","12":"pa_unidades-6-unidades","14":"first","15":"instock","16":"taxable","17":"shipping-taxable","18":"purchasable","19":"product-type-variable"},"yoast_head":"<!-- This site is optimized with the Yoast SEO plugin v27.2 - https:\/\/yoast.com\/product\/yoast-seo-wordpress\/ -->\n<title>Luxardo Licor Maraschino Botella 700ml 32% - RMGroup Barcelona<\/title>\n<meta name=\"robots\" content=\"index, follow, max-snippet:-1, max-image-preview:large, max-video-preview:-1\" \/>\n<link rel=\"canonical\" href=\"https:\/\/rmgroup.es\/barcelona\/producto\/luxardo-licor-maraschino-botella-700ml-32\/\" \/>\n<meta property=\"og:locale\" content=\"es_ES\" \/>\n<meta property=\"og:type\" content=\"article\" \/>\n<meta property=\"og:title\" content=\"Luxardo Licor Maraschino Botella 700ml 32% - RMGroup Barcelona\" \/>\n<meta property=\"og:description\" content=\"El marrasquino original es un cl\u00e1sico de la casa Luxardo. La t\u00edpica botella recubierta de paja se ha convertido en un aut\u00e9ntico icono del mercado....\" \/>\n<meta property=\"og:url\" content=\"https:\/\/rmgroup.es\/barcelona\/producto\/luxardo-licor-maraschino-botella-700ml-32\/\" \/>\n<meta property=\"og:site_name\" content=\"RMGroup Barcelona\" \/>\n<meta property=\"article:modified_time\" content=\"2026-03-29T16:06:11+00:00\" \/>\n<meta property=\"og:image\" content=\"https:\/\/rmgroup.es\/barcelona\/wp-content\/uploads\/sites\/2\/2024\/07\/Luxardo-Licor-Maraschino-Bot.6x700ml.png\" \/>\n\t<meta property=\"og:image:width\" content=\"850\" \/>\n\t<meta property=\"og:image:height\" content=\"850\" \/>\n\t<meta property=\"og:image:type\" content=\"image\/png\" \/>\n<meta name=\"twitter:card\" content=\"summary_large_image\" \/>\n<meta name=\"twitter:label1\" content=\"Tiempo de lectura\" \/>\n\t<meta name=\"twitter:data1\" content=\"1 minuto\" \/>\n<script type=\"application\/ld+json\" class=\"yoast-schema-graph\">{\"@context\":\"https:\/\/schema.org\",\"@graph\":[{\"@type\":\"WebPage\",\"@id\":\"https:\/\/rmgroup.es\/barcelona\/producto\/luxardo-licor-maraschino-botella-700ml-32\/\",\"url\":\"https:\/\/rmgroup.es\/barcelona\/producto\/luxardo-licor-maraschino-botella-700ml-32\/\",\"name\":\"Luxardo Licor Maraschino Botella 700ml 32% - RMGroup Barcelona\",\"isPartOf\":{\"@id\":\"https:\/\/rmgroup.es\/barcelona\/#website\"},\"primaryImageOfPage\":{\"@id\":\"https:\/\/rmgroup.es\/barcelona\/producto\/luxardo-licor-maraschino-botella-700ml-32\/#primaryimage\"},\"image\":{\"@id\":\"https:\/\/rmgroup.es\/barcelona\/producto\/luxardo-licor-maraschino-botella-700ml-32\/#primaryimage\"},\"thumbnailUrl\":\"https:\/\/rmgroup.es\/barcelona\/wp-content\/uploads\/sites\/2\/2024\/07\/Luxardo-Licor-Maraschino-Bot.6x700ml.png\",\"datePublished\":\"2025-03-25T08:46:04+00:00\",\"dateModified\":\"2026-03-29T16:06:11+00:00\",\"breadcrumb\":{\"@id\":\"https:\/\/rmgroup.es\/barcelona\/producto\/luxardo-licor-maraschino-botella-700ml-32\/#breadcrumb\"},\"inLanguage\":\"es\",\"potentialAction\":[{\"@type\":\"ReadAction\",\"target\":[\"https:\/\/rmgroup.es\/barcelona\/producto\/luxardo-licor-maraschino-botella-700ml-32\/\"]}]},{\"@type\":\"ImageObject\",\"inLanguage\":\"es\",\"@id\":\"https:\/\/rmgroup.es\/barcelona\/producto\/luxardo-licor-maraschino-botella-700ml-32\/#primaryimage\",\"url\":\"https:\/\/rmgroup.es\/barcelona\/wp-content\/uploads\/sites\/2\/2024\/07\/Luxardo-Licor-Maraschino-Bot.6x700ml.png\",\"contentUrl\":\"https:\/\/rmgroup.es\/barcelona\/wp-content\/uploads\/sites\/2\/2024\/07\/Luxardo-Licor-Maraschino-Bot.6x700ml.png\",\"width\":850,\"height\":850},{\"@type\":\"BreadcrumbList\",\"@id\":\"https:\/\/rmgroup.es\/barcelona\/producto\/luxardo-licor-maraschino-botella-700ml-32\/#breadcrumb\",\"itemListElement\":[{\"@type\":\"ListItem\",\"position\":1,\"name\":\"Portada\",\"item\":\"https:\/\/rmgroup.es\/barcelona\/\"},{\"@type\":\"ListItem\",\"position\":2,\"name\":\"Tienda\",\"item\":\"https:\/\/rmgroup.es\/barcelona\/tienda\/\"},{\"@type\":\"ListItem\",\"position\":3,\"name\":\"Luxardo Licor Maraschino Botella 700ml 32%\"}]},{\"@type\":\"WebSite\",\"@id\":\"https:\/\/rmgroup.es\/barcelona\/#website\",\"url\":\"https:\/\/rmgroup.es\/barcelona\/\",\"name\":\"RMGroup Barcelona\",\"description\":\"Tienda online de bebidas para empresas y aut\u00f3nomos\",\"publisher\":{\"@id\":\"https:\/\/rmgroup.es\/barcelona\/#organization\"},\"potentialAction\":[{\"@type\":\"SearchAction\",\"target\":{\"@type\":\"EntryPoint\",\"urlTemplate\":\"https:\/\/rmgroup.es\/barcelona\/?s={search_term_string}\"},\"query-input\":{\"@type\":\"PropertyValueSpecification\",\"valueRequired\":true,\"valueName\":\"search_term_string\"}}],\"inLanguage\":\"es\"},{\"@type\":\"Organization\",\"@id\":\"https:\/\/rmgroup.es\/barcelona\/#organization\",\"name\":\"RMGroup Barcelona\",\"url\":\"https:\/\/rmgroup.es\/barcelona\/\",\"logo\":{\"@type\":\"ImageObject\",\"inLanguage\":\"es\",\"@id\":\"https:\/\/rmgroup.es\/barcelona\/#\/schema\/logo\/image\/\",\"url\":\"https:\/\/rmgroup.es\/barcelona\/wp-content\/uploads\/sites\/2\/2024\/06\/logo-rmgroup.svg\",\"contentUrl\":\"https:\/\/rmgroup.es\/barcelona\/wp-content\/uploads\/sites\/2\/2024\/06\/logo-rmgroup.svg\",\"width\":474,\"height\":79,\"caption\":\"RMGroup Barcelona\"},\"image\":{\"@id\":\"https:\/\/rmgroup.es\/barcelona\/#\/schema\/logo\/image\/\"}}]}<\/script>\n<!-- \/ Yoast SEO plugin. -->","yoast_head_json":{"title":"Luxardo Licor Maraschino Botella 700ml 32% - RMGroup Barcelona","robots":{"index":"index","follow":"follow","max-snippet":"max-snippet:-1","max-image-preview":"max-image-preview:large","max-video-preview":"max-video-preview:-1"},"canonical":"https:\/\/rmgroup.es\/barcelona\/producto\/luxardo-licor-maraschino-botella-700ml-32\/","og_locale":"es_ES","og_type":"article","og_title":"Luxardo Licor Maraschino Botella 700ml 32% - RMGroup Barcelona","og_description":"El marrasquino original es un cl\u00e1sico de la casa Luxardo. La t\u00edpica botella recubierta de paja se ha convertido en un aut\u00e9ntico icono del mercado....","og_url":"https:\/\/rmgroup.es\/barcelona\/producto\/luxardo-licor-maraschino-botella-700ml-32\/","og_site_name":"RMGroup Barcelona","article_modified_time":"2026-03-29T16:06:11+00:00","og_image":[{"width":850,"height":850,"url":"https:\/\/rmgroup.es\/barcelona\/wp-content\/uploads\/sites\/2\/2024\/07\/Luxardo-Licor-Maraschino-Bot.6x700ml.png","type":"image\/png"}],"twitter_card":"summary_large_image","twitter_misc":{"Tiempo de lectura":"1 minuto"},"schema":{"@context":"https:\/\/schema.org","@graph":[{"@type":"WebPage","@id":"https:\/\/rmgroup.es\/barcelona\/producto\/luxardo-licor-maraschino-botella-700ml-32\/","url":"https:\/\/rmgroup.es\/barcelona\/producto\/luxardo-licor-maraschino-botella-700ml-32\/","name":"Luxardo Licor Maraschino Botella 700ml 32% - RMGroup Barcelona","isPartOf":{"@id":"https:\/\/rmgroup.es\/barcelona\/#website"},"primaryImageOfPage":{"@id":"https:\/\/rmgroup.es\/barcelona\/producto\/luxardo-licor-maraschino-botella-700ml-32\/#primaryimage"},"image":{"@id":"https:\/\/rmgroup.es\/barcelona\/producto\/luxardo-licor-maraschino-botella-700ml-32\/#primaryimage"},"thumbnailUrl":"https:\/\/rmgroup.es\/barcelona\/wp-content\/uploads\/sites\/2\/2024\/07\/Luxardo-Licor-Maraschino-Bot.6x700ml.png","datePublished":"2025-03-25T08:46:04+00:00","dateModified":"2026-03-29T16:06:11+00:00","breadcrumb":{"@id":"https:\/\/rmgroup.es\/barcelona\/producto\/luxardo-licor-maraschino-botella-700ml-32\/#breadcrumb"},"inLanguage":"es","potentialAction":[{"@type":"ReadAction","target":["https:\/\/rmgroup.es\/barcelona\/producto\/luxardo-licor-maraschino-botella-700ml-32\/"]}]},{"@type":"ImageObject","inLanguage":"es","@id":"https:\/\/rmgroup.es\/barcelona\/producto\/luxardo-licor-maraschino-botella-700ml-32\/#primaryimage","url":"https:\/\/rmgroup.es\/barcelona\/wp-content\/uploads\/sites\/2\/2024\/07\/Luxardo-Licor-Maraschino-Bot.6x700ml.png","contentUrl":"https:\/\/rmgroup.es\/barcelona\/wp-content\/uploads\/sites\/2\/2024\/07\/Luxardo-Licor-Maraschino-Bot.6x700ml.png","width":850,"height":850},{"@type":"BreadcrumbList","@id":"https:\/\/rmgroup.es\/barcelona\/producto\/luxardo-licor-maraschino-botella-700ml-32\/#breadcrumb","itemListElement":[{"@type":"ListItem","position":1,"name":"Portada","item":"https:\/\/rmgroup.es\/barcelona\/"},{"@type":"ListItem","position":2,"name":"Tienda","item":"https:\/\/rmgroup.es\/barcelona\/tienda\/"},{"@type":"ListItem","position":3,"name":"Luxardo Licor Maraschino Botella 700ml 32%"}]},{"@type":"WebSite","@id":"https:\/\/rmgroup.es\/barcelona\/#website","url":"https:\/\/rmgroup.es\/barcelona\/","name":"RMGroup Barcelona","description":"Tienda online de bebidas para empresas y aut\u00f3nomos","publisher":{"@id":"https:\/\/rmgroup.es\/barcelona\/#organization"},"potentialAction":[{"@type":"SearchAction","target":{"@type":"EntryPoint","urlTemplate":"https:\/\/rmgroup.es\/barcelona\/?s={search_term_string}"},"query-input":{"@type":"PropertyValueSpecification","valueRequired":true,"valueName":"search_term_string"}}],"inLanguage":"es"},{"@type":"Organization","@id":"https:\/\/rmgroup.es\/barcelona\/#organization","name":"RMGroup Barcelona","url":"https:\/\/rmgroup.es\/barcelona\/","logo":{"@type":"ImageObject","inLanguage":"es","@id":"https:\/\/rmgroup.es\/barcelona\/#\/schema\/logo\/image\/","url":"https:\/\/rmgroup.es\/barcelona\/wp-content\/uploads\/sites\/2\/2024\/06\/logo-rmgroup.svg","contentUrl":"https:\/\/rmgroup.es\/barcelona\/wp-content\/uploads\/sites\/2\/2024\/06\/logo-rmgroup.svg","width":474,"height":79,"caption":"RMGroup Barcelona"},"image":{"@id":"https:\/\/rmgroup.es\/barcelona\/#\/schema\/logo\/image\/"}}]}},"_links":{"self":[{"href":"https:\/\/rmgroup.es\/barcelona\/wp-json\/wp\/v2\/product\/8713","targetHints":{"allow":["GET"]}}],"collection":[{"href":"https:\/\/rmgroup.es\/barcelona\/wp-json\/wp\/v2\/product"}],"about":[{"href":"https:\/\/rmgroup.es\/barcelona\/wp-json\/wp\/v2\/types\/product"}],"replies":[{"embeddable":true,"href":"https:\/\/rmgroup.es\/barcelona\/wp-json\/wp\/v2\/comments?post=8713"}],"version-history":[{"count":1,"href":"https:\/\/rmgroup.es\/barcelona\/wp-json\/wp\/v2\/product\/8713\/revisions"}],"predecessor-version":[{"id":9594,"href":"https:\/\/rmgroup.es\/barcelona\/wp-json\/wp\/v2\/product\/8713\/revisions\/9594"}],"wp:featuredmedia":[{"embeddable":true,"href":"https:\/\/rmgroup.es\/barcelona\/wp-json\/wp\/v2\/media\/3276"}],"wp:attachment":[{"href":"https:\/\/rmgroup.es\/barcelona\/wp-json\/wp\/v2\/media?parent=8713"}],"wp:term":[{"taxonomy":"brand","embeddable":true,"href":"https:\/\/rmgroup.es\/barcelona\/wp-json\/wp\/v2\/etheme_brands?post=8713"},{"taxonomy":"product_brand","embeddable":true,"href":"https:\/\/rmgroup.es\/barcelona\/wp-json\/wp\/v2\/product_brand?post=8713"},{"taxonomy":"product_cat","embeddable":true,"href":"https:\/\/rmgroup.es\/barcelona\/wp-json\/wp\/v2\/product_cat?post=8713"},{"taxonomy":"product_tag","embeddable":true,"href":"https:\/\/rmgroup.es\/barcelona\/wp-json\/wp\/v2\/product_tag?post=8713"}],"curies":[{"name":"wp","href":"https:\/\/api.w.org\/{rel}","templated":true}]}}