{"id":8637,"date":"2025-03-25T09:45:52","date_gmt":"2025-03-25T08:45:52","guid":{"rendered":"https:\/\/rmgroup.es\/barcelona\/producto\/hartwall-original-ld-grapefruit-light-lata-330ml-55\/"},"modified":"2026-04-01T16:36:37","modified_gmt":"2026-04-01T14:36:37","slug":"hartwall-original-ld-grapefruit-light-lata-330ml-55","status":"publish","type":"product","link":"https:\/\/rmgroup.es\/barcelona\/producto\/hartwall-original-ld-grapefruit-light-lata-330ml-55\/","title":{"rendered":"Hartwall Original LD Grapefruit Light Lata 330ml 5,5%"},"content":{"rendered":"<p>Hartwall Original Long Drink Gin &amp; Grapefruit Light es una versi\u00f3n m\u00e1s ligera del Original Long Drink del a\u00f1o 1952. La bebida tiene un 40 % menos de calor\u00edas que la original, pero por lo dem\u00e1s tiene el mismo sabor fresco y familiar<\/p>\n","protected":false},"excerpt":{"rendered":"<p>Hartwall Original Long Drink Gin &amp; Grapefruit Light es una versi\u00f3n m\u00e1s ligera del Original Long Drink del a\u00f1o 1952. La bebida tiene un 40&#8230;<\/p>\n","protected":false},"featured_media":3225,"comment_status":"closed","ping_status":"open","template":"","meta":{"_joinchat":[]},"etheme_brands":[{"term_id":148,"name":"HARTWALL ORIGINAL","slug":"hartwall-original","term_group":0,"term_taxonomy_id":148,"taxonomy":"brand","description":"","parent":0,"count":7,"filter":"raw"}],"product_brand":[],"product_cat":[252,255],"product_tag":[92],"class_list":{"0":"post-8637","1":"product","2":"type-product","3":"status-publish","4":"has-post-thumbnail","6":"brand-hartwall-original","7":"product_cat-bebidas","8":"product_cat-rtd-bebidas","9":"product_tag-hw-hartwall-original","10":"pa_unidades-1-unidad","11":"pa_unidades-1-unidad24-unidades","12":"pa_unidades-24-unidades","14":"first","15":"instock","16":"taxable","17":"shipping-taxable","18":"purchasable","19":"product-type-variable"},"yoast_head":"<!-- This site is optimized with the Yoast SEO plugin v27.2 - https:\/\/yoast.com\/product\/yoast-seo-wordpress\/ -->\n<title>Hartwall Original LD Grapefruit Light Lata 330ml 5,5% - RMGroup Barcelona<\/title>\n<meta name=\"robots\" content=\"index, follow, max-snippet:-1, max-image-preview:large, max-video-preview:-1\" \/>\n<link rel=\"canonical\" href=\"https:\/\/rmgroup.es\/barcelona\/producto\/hartwall-original-ld-grapefruit-light-lata-330ml-55\/\" \/>\n<meta property=\"og:locale\" content=\"es_ES\" \/>\n<meta property=\"og:type\" content=\"article\" \/>\n<meta property=\"og:title\" content=\"Hartwall Original LD Grapefruit Light Lata 330ml 5,5% - RMGroup Barcelona\" \/>\n<meta property=\"og:description\" content=\"Hartwall Original Long Drink Gin &amp; Grapefruit Light es una versi\u00f3n m\u00e1s ligera del Original Long Drink del a\u00f1o 1952. La bebida tiene un 40...\" \/>\n<meta property=\"og:url\" content=\"https:\/\/rmgroup.es\/barcelona\/producto\/hartwall-original-ld-grapefruit-light-lata-330ml-55\/\" \/>\n<meta property=\"og:site_name\" content=\"RMGroup Barcelona\" \/>\n<meta property=\"article:modified_time\" content=\"2026-04-01T14:36:37+00:00\" \/>\n<meta property=\"og:image\" content=\"https:\/\/rmgroup.es\/barcelona\/wp-content\/uploads\/sites\/2\/2024\/07\/Hartwall-Original-LD-Grapefruit-Light-Can-24x330ml.jpg\" \/>\n\t<meta property=\"og:image:width\" content=\"850\" \/>\n\t<meta property=\"og:image:height\" content=\"850\" \/>\n\t<meta property=\"og:image:type\" content=\"image\/jpeg\" \/>\n<meta name=\"twitter:card\" content=\"summary_large_image\" \/>\n<script type=\"application\/ld+json\" class=\"yoast-schema-graph\">{\"@context\":\"https:\/\/schema.org\",\"@graph\":[{\"@type\":\"WebPage\",\"@id\":\"https:\/\/rmgroup.es\/barcelona\/producto\/hartwall-original-ld-grapefruit-light-lata-330ml-55\/\",\"url\":\"https:\/\/rmgroup.es\/barcelona\/producto\/hartwall-original-ld-grapefruit-light-lata-330ml-55\/\",\"name\":\"Hartwall Original LD Grapefruit Light Lata 330ml 5,5% - RMGroup Barcelona\",\"isPartOf\":{\"@id\":\"https:\/\/rmgroup.es\/barcelona\/#website\"},\"primaryImageOfPage\":{\"@id\":\"https:\/\/rmgroup.es\/barcelona\/producto\/hartwall-original-ld-grapefruit-light-lata-330ml-55\/#primaryimage\"},\"image\":{\"@id\":\"https:\/\/rmgroup.es\/barcelona\/producto\/hartwall-original-ld-grapefruit-light-lata-330ml-55\/#primaryimage\"},\"thumbnailUrl\":\"https:\/\/rmgroup.es\/barcelona\/wp-content\/uploads\/sites\/2\/2024\/07\/Hartwall-Original-LD-Grapefruit-Light-Can-24x330ml.jpg\",\"datePublished\":\"2025-03-25T08:45:52+00:00\",\"dateModified\":\"2026-04-01T14:36:37+00:00\",\"breadcrumb\":{\"@id\":\"https:\/\/rmgroup.es\/barcelona\/producto\/hartwall-original-ld-grapefruit-light-lata-330ml-55\/#breadcrumb\"},\"inLanguage\":\"es\",\"potentialAction\":[{\"@type\":\"ReadAction\",\"target\":[\"https:\/\/rmgroup.es\/barcelona\/producto\/hartwall-original-ld-grapefruit-light-lata-330ml-55\/\"]}]},{\"@type\":\"ImageObject\",\"inLanguage\":\"es\",\"@id\":\"https:\/\/rmgroup.es\/barcelona\/producto\/hartwall-original-ld-grapefruit-light-lata-330ml-55\/#primaryimage\",\"url\":\"https:\/\/rmgroup.es\/barcelona\/wp-content\/uploads\/sites\/2\/2024\/07\/Hartwall-Original-LD-Grapefruit-Light-Can-24x330ml.jpg\",\"contentUrl\":\"https:\/\/rmgroup.es\/barcelona\/wp-content\/uploads\/sites\/2\/2024\/07\/Hartwall-Original-LD-Grapefruit-Light-Can-24x330ml.jpg\",\"width\":850,\"height\":850},{\"@type\":\"BreadcrumbList\",\"@id\":\"https:\/\/rmgroup.es\/barcelona\/producto\/hartwall-original-ld-grapefruit-light-lata-330ml-55\/#breadcrumb\",\"itemListElement\":[{\"@type\":\"ListItem\",\"position\":1,\"name\":\"Portada\",\"item\":\"https:\/\/rmgroup.es\/barcelona\/\"},{\"@type\":\"ListItem\",\"position\":2,\"name\":\"Tienda\",\"item\":\"https:\/\/rmgroup.es\/barcelona\/tienda\/\"},{\"@type\":\"ListItem\",\"position\":3,\"name\":\"Hartwall Original LD Grapefruit Light Lata 330ml 5,5%\"}]},{\"@type\":\"WebSite\",\"@id\":\"https:\/\/rmgroup.es\/barcelona\/#website\",\"url\":\"https:\/\/rmgroup.es\/barcelona\/\",\"name\":\"RMGroup Barcelona\",\"description\":\"Tienda online de bebidas para empresas y aut\u00f3nomos\",\"publisher\":{\"@id\":\"https:\/\/rmgroup.es\/barcelona\/#organization\"},\"potentialAction\":[{\"@type\":\"SearchAction\",\"target\":{\"@type\":\"EntryPoint\",\"urlTemplate\":\"https:\/\/rmgroup.es\/barcelona\/?s={search_term_string}\"},\"query-input\":{\"@type\":\"PropertyValueSpecification\",\"valueRequired\":true,\"valueName\":\"search_term_string\"}}],\"inLanguage\":\"es\"},{\"@type\":\"Organization\",\"@id\":\"https:\/\/rmgroup.es\/barcelona\/#organization\",\"name\":\"RMGroup Barcelona\",\"url\":\"https:\/\/rmgroup.es\/barcelona\/\",\"logo\":{\"@type\":\"ImageObject\",\"inLanguage\":\"es\",\"@id\":\"https:\/\/rmgroup.es\/barcelona\/#\/schema\/logo\/image\/\",\"url\":\"https:\/\/rmgroup.es\/barcelona\/wp-content\/uploads\/sites\/2\/2024\/06\/logo-rmgroup.svg\",\"contentUrl\":\"https:\/\/rmgroup.es\/barcelona\/wp-content\/uploads\/sites\/2\/2024\/06\/logo-rmgroup.svg\",\"width\":474,\"height\":79,\"caption\":\"RMGroup Barcelona\"},\"image\":{\"@id\":\"https:\/\/rmgroup.es\/barcelona\/#\/schema\/logo\/image\/\"}}]}<\/script>\n<!-- \/ Yoast SEO plugin. -->","yoast_head_json":{"title":"Hartwall Original LD Grapefruit Light Lata 330ml 5,5% - RMGroup Barcelona","robots":{"index":"index","follow":"follow","max-snippet":"max-snippet:-1","max-image-preview":"max-image-preview:large","max-video-preview":"max-video-preview:-1"},"canonical":"https:\/\/rmgroup.es\/barcelona\/producto\/hartwall-original-ld-grapefruit-light-lata-330ml-55\/","og_locale":"es_ES","og_type":"article","og_title":"Hartwall Original LD Grapefruit Light Lata 330ml 5,5% - RMGroup Barcelona","og_description":"Hartwall Original Long Drink Gin &amp; Grapefruit Light es una versi\u00f3n m\u00e1s ligera del Original Long Drink del a\u00f1o 1952. La bebida tiene un 40...","og_url":"https:\/\/rmgroup.es\/barcelona\/producto\/hartwall-original-ld-grapefruit-light-lata-330ml-55\/","og_site_name":"RMGroup Barcelona","article_modified_time":"2026-04-01T14:36:37+00:00","og_image":[{"width":850,"height":850,"url":"https:\/\/rmgroup.es\/barcelona\/wp-content\/uploads\/sites\/2\/2024\/07\/Hartwall-Original-LD-Grapefruit-Light-Can-24x330ml.jpg","type":"image\/jpeg"}],"twitter_card":"summary_large_image","schema":{"@context":"https:\/\/schema.org","@graph":[{"@type":"WebPage","@id":"https:\/\/rmgroup.es\/barcelona\/producto\/hartwall-original-ld-grapefruit-light-lata-330ml-55\/","url":"https:\/\/rmgroup.es\/barcelona\/producto\/hartwall-original-ld-grapefruit-light-lata-330ml-55\/","name":"Hartwall Original LD Grapefruit Light Lata 330ml 5,5% - RMGroup Barcelona","isPartOf":{"@id":"https:\/\/rmgroup.es\/barcelona\/#website"},"primaryImageOfPage":{"@id":"https:\/\/rmgroup.es\/barcelona\/producto\/hartwall-original-ld-grapefruit-light-lata-330ml-55\/#primaryimage"},"image":{"@id":"https:\/\/rmgroup.es\/barcelona\/producto\/hartwall-original-ld-grapefruit-light-lata-330ml-55\/#primaryimage"},"thumbnailUrl":"https:\/\/rmgroup.es\/barcelona\/wp-content\/uploads\/sites\/2\/2024\/07\/Hartwall-Original-LD-Grapefruit-Light-Can-24x330ml.jpg","datePublished":"2025-03-25T08:45:52+00:00","dateModified":"2026-04-01T14:36:37+00:00","breadcrumb":{"@id":"https:\/\/rmgroup.es\/barcelona\/producto\/hartwall-original-ld-grapefruit-light-lata-330ml-55\/#breadcrumb"},"inLanguage":"es","potentialAction":[{"@type":"ReadAction","target":["https:\/\/rmgroup.es\/barcelona\/producto\/hartwall-original-ld-grapefruit-light-lata-330ml-55\/"]}]},{"@type":"ImageObject","inLanguage":"es","@id":"https:\/\/rmgroup.es\/barcelona\/producto\/hartwall-original-ld-grapefruit-light-lata-330ml-55\/#primaryimage","url":"https:\/\/rmgroup.es\/barcelona\/wp-content\/uploads\/sites\/2\/2024\/07\/Hartwall-Original-LD-Grapefruit-Light-Can-24x330ml.jpg","contentUrl":"https:\/\/rmgroup.es\/barcelona\/wp-content\/uploads\/sites\/2\/2024\/07\/Hartwall-Original-LD-Grapefruit-Light-Can-24x330ml.jpg","width":850,"height":850},{"@type":"BreadcrumbList","@id":"https:\/\/rmgroup.es\/barcelona\/producto\/hartwall-original-ld-grapefruit-light-lata-330ml-55\/#breadcrumb","itemListElement":[{"@type":"ListItem","position":1,"name":"Portada","item":"https:\/\/rmgroup.es\/barcelona\/"},{"@type":"ListItem","position":2,"name":"Tienda","item":"https:\/\/rmgroup.es\/barcelona\/tienda\/"},{"@type":"ListItem","position":3,"name":"Hartwall Original LD Grapefruit Light Lata 330ml 5,5%"}]},{"@type":"WebSite","@id":"https:\/\/rmgroup.es\/barcelona\/#website","url":"https:\/\/rmgroup.es\/barcelona\/","name":"RMGroup Barcelona","description":"Tienda online de bebidas para empresas y aut\u00f3nomos","publisher":{"@id":"https:\/\/rmgroup.es\/barcelona\/#organization"},"potentialAction":[{"@type":"SearchAction","target":{"@type":"EntryPoint","urlTemplate":"https:\/\/rmgroup.es\/barcelona\/?s={search_term_string}"},"query-input":{"@type":"PropertyValueSpecification","valueRequired":true,"valueName":"search_term_string"}}],"inLanguage":"es"},{"@type":"Organization","@id":"https:\/\/rmgroup.es\/barcelona\/#organization","name":"RMGroup Barcelona","url":"https:\/\/rmgroup.es\/barcelona\/","logo":{"@type":"ImageObject","inLanguage":"es","@id":"https:\/\/rmgroup.es\/barcelona\/#\/schema\/logo\/image\/","url":"https:\/\/rmgroup.es\/barcelona\/wp-content\/uploads\/sites\/2\/2024\/06\/logo-rmgroup.svg","contentUrl":"https:\/\/rmgroup.es\/barcelona\/wp-content\/uploads\/sites\/2\/2024\/06\/logo-rmgroup.svg","width":474,"height":79,"caption":"RMGroup Barcelona"},"image":{"@id":"https:\/\/rmgroup.es\/barcelona\/#\/schema\/logo\/image\/"}}]}},"_links":{"self":[{"href":"https:\/\/rmgroup.es\/barcelona\/wp-json\/wp\/v2\/product\/8637","targetHints":{"allow":["GET"]}}],"collection":[{"href":"https:\/\/rmgroup.es\/barcelona\/wp-json\/wp\/v2\/product"}],"about":[{"href":"https:\/\/rmgroup.es\/barcelona\/wp-json\/wp\/v2\/types\/product"}],"replies":[{"embeddable":true,"href":"https:\/\/rmgroup.es\/barcelona\/wp-json\/wp\/v2\/comments?post=8637"}],"version-history":[{"count":2,"href":"https:\/\/rmgroup.es\/barcelona\/wp-json\/wp\/v2\/product\/8637\/revisions"}],"predecessor-version":[{"id":10407,"href":"https:\/\/rmgroup.es\/barcelona\/wp-json\/wp\/v2\/product\/8637\/revisions\/10407"}],"wp:featuredmedia":[{"embeddable":true,"href":"https:\/\/rmgroup.es\/barcelona\/wp-json\/wp\/v2\/media\/3225"}],"wp:attachment":[{"href":"https:\/\/rmgroup.es\/barcelona\/wp-json\/wp\/v2\/media?parent=8637"}],"wp:term":[{"taxonomy":"brand","embeddable":true,"href":"https:\/\/rmgroup.es\/barcelona\/wp-json\/wp\/v2\/etheme_brands?post=8637"},{"taxonomy":"product_brand","embeddable":true,"href":"https:\/\/rmgroup.es\/barcelona\/wp-json\/wp\/v2\/product_brand?post=8637"},{"taxonomy":"product_cat","embeddable":true,"href":"https:\/\/rmgroup.es\/barcelona\/wp-json\/wp\/v2\/product_cat?post=8637"},{"taxonomy":"product_tag","embeddable":true,"href":"https:\/\/rmgroup.es\/barcelona\/wp-json\/wp\/v2\/product_tag?post=8637"}],"curies":[{"name":"wp","href":"https:\/\/api.w.org\/{rel}","templated":true}]}}