{"id":12200,"date":"2026-03-02T15:46:05","date_gmt":"2026-03-02T14:46:05","guid":{"rendered":"https:\/\/rmgroup.es\/barcelona\/producto\/funkin-pina-colada-can-12x200ml-5-2\/"},"modified":"2026-03-30T14:06:41","modified_gmt":"2026-03-30T12:06:41","slug":"funkin-pina-colada-can-12x200ml-5","status":"publish","type":"product","link":"https:\/\/rmgroup.es\/barcelona\/producto\/funkin-pina-colada-can-12x200ml-5\/","title":{"rendered":"Funkin Pina Colada Can 12x200ml 5%"},"content":{"rendered":"<p>C\u00f3ctel de sabor vibrante y textura suave y aterciopelada que mantiene la calidad de un c\u00f3ctel servido en un bar. El Pi\u00f1a Colada combina a la perfecci\u00f3n el dulzor del coco y la frescura de la pi\u00f1a, a\u00f1adiendo un toque de ron. Para aprovecharlo al m\u00e1ximo, enfr\u00ede, gire y luego \u00e1bralo para infundir con nitr\u00f3geno.<\/p>\n","protected":false},"excerpt":{"rendered":"<p>C\u00f3ctel de sabor vibrante y textura suave y aterciopelada que mantiene la calidad de un c\u00f3ctel servido en un bar. El Pi\u00f1a Colada combina a&#8230;<\/p>\n","protected":false},"featured_media":9956,"comment_status":"closed","ping_status":"closed","template":"","meta":{"_joinchat":[]},"etheme_brands":[{"term_id":207,"name":"FUNKIN COCKTAILS","slug":"funkin-cocktails","term_group":0,"term_taxonomy_id":207,"taxonomy":"brand","description":"","parent":0,"count":4,"filter":"raw"}],"product_brand":[],"product_cat":[252,255],"product_tag":[],"class_list":{"0":"post-12200","1":"product","2":"type-product","3":"status-publish","4":"has-post-thumbnail","6":"brand-funkin-cocktails","7":"product_cat-bebidas","8":"product_cat-rtd-bebidas","9":"pa_unidades-1-unidad","10":"pa_unidades-1-unidad12-unidades","11":"pa_unidades-12-unidades","13":"first","14":"instock","15":"taxable","16":"shipping-taxable","17":"purchasable","18":"product-type-variable","19":"has-default-attributes"},"yoast_head":"<!-- This site is optimized with the Yoast SEO plugin v27.2 - https:\/\/yoast.com\/product\/yoast-seo-wordpress\/ -->\n<title>Funkin Pina Colada Can 12x200ml 5% - RMGroup Barcelona<\/title>\n<meta name=\"robots\" content=\"index, follow, max-snippet:-1, max-image-preview:large, max-video-preview:-1\" \/>\n<link rel=\"canonical\" href=\"https:\/\/rmgroup.es\/barcelona\/producto\/funkin-pina-colada-can-12x200ml-5\/\" \/>\n<meta property=\"og:locale\" content=\"es_ES\" \/>\n<meta property=\"og:type\" content=\"article\" \/>\n<meta property=\"og:title\" content=\"Funkin Pina Colada Can 12x200ml 5% - RMGroup Barcelona\" \/>\n<meta property=\"og:description\" content=\"C\u00f3ctel de sabor vibrante y textura suave y aterciopelada que mantiene la calidad de un c\u00f3ctel servido en un bar. El Pi\u00f1a Colada combina a...\" \/>\n<meta property=\"og:url\" content=\"https:\/\/rmgroup.es\/barcelona\/producto\/funkin-pina-colada-can-12x200ml-5\/\" \/>\n<meta property=\"og:site_name\" content=\"RMGroup Barcelona\" \/>\n<meta property=\"article:modified_time\" content=\"2026-03-30T12:06:41+00:00\" \/>\n<meta property=\"og:image\" content=\"https:\/\/rmgroup.es\/barcelona\/wp-content\/uploads\/sites\/2\/2025\/01\/Funkin-Pina-Colada-Can-12x200ml.jpg\" \/>\n\t<meta property=\"og:image:width\" content=\"850\" \/>\n\t<meta property=\"og:image:height\" content=\"850\" \/>\n\t<meta property=\"og:image:type\" content=\"image\/jpeg\" \/>\n<meta name=\"twitter:card\" content=\"summary_large_image\" \/>\n<script type=\"application\/ld+json\" class=\"yoast-schema-graph\">{\"@context\":\"https:\/\/schema.org\",\"@graph\":[{\"@type\":\"WebPage\",\"@id\":\"https:\/\/rmgroup.es\/barcelona\/producto\/funkin-pina-colada-can-12x200ml-5\/\",\"url\":\"https:\/\/rmgroup.es\/barcelona\/producto\/funkin-pina-colada-can-12x200ml-5\/\",\"name\":\"Funkin Pina Colada Can 12x200ml 5% - RMGroup Barcelona\",\"isPartOf\":{\"@id\":\"https:\/\/rmgroup.es\/barcelona\/#website\"},\"primaryImageOfPage\":{\"@id\":\"https:\/\/rmgroup.es\/barcelona\/producto\/funkin-pina-colada-can-12x200ml-5\/#primaryimage\"},\"image\":{\"@id\":\"https:\/\/rmgroup.es\/barcelona\/producto\/funkin-pina-colada-can-12x200ml-5\/#primaryimage\"},\"thumbnailUrl\":\"https:\/\/rmgroup.es\/barcelona\/wp-content\/uploads\/sites\/2\/2025\/01\/Funkin-Pina-Colada-Can-12x200ml.jpg\",\"datePublished\":\"2026-03-02T14:46:05+00:00\",\"dateModified\":\"2026-03-30T12:06:41+00:00\",\"breadcrumb\":{\"@id\":\"https:\/\/rmgroup.es\/barcelona\/producto\/funkin-pina-colada-can-12x200ml-5\/#breadcrumb\"},\"inLanguage\":\"es\",\"potentialAction\":[{\"@type\":\"ReadAction\",\"target\":[\"https:\/\/rmgroup.es\/barcelona\/producto\/funkin-pina-colada-can-12x200ml-5\/\"]}]},{\"@type\":\"ImageObject\",\"inLanguage\":\"es\",\"@id\":\"https:\/\/rmgroup.es\/barcelona\/producto\/funkin-pina-colada-can-12x200ml-5\/#primaryimage\",\"url\":\"https:\/\/rmgroup.es\/barcelona\/wp-content\/uploads\/sites\/2\/2025\/01\/Funkin-Pina-Colada-Can-12x200ml.jpg\",\"contentUrl\":\"https:\/\/rmgroup.es\/barcelona\/wp-content\/uploads\/sites\/2\/2025\/01\/Funkin-Pina-Colada-Can-12x200ml.jpg\",\"width\":850,\"height\":850},{\"@type\":\"BreadcrumbList\",\"@id\":\"https:\/\/rmgroup.es\/barcelona\/producto\/funkin-pina-colada-can-12x200ml-5\/#breadcrumb\",\"itemListElement\":[{\"@type\":\"ListItem\",\"position\":1,\"name\":\"Portada\",\"item\":\"https:\/\/rmgroup.es\/barcelona\/\"},{\"@type\":\"ListItem\",\"position\":2,\"name\":\"Tienda\",\"item\":\"https:\/\/rmgroup.es\/barcelona\/tienda\/\"},{\"@type\":\"ListItem\",\"position\":3,\"name\":\"Funkin Pina Colada Can 12x200ml 5%\"}]},{\"@type\":\"WebSite\",\"@id\":\"https:\/\/rmgroup.es\/barcelona\/#website\",\"url\":\"https:\/\/rmgroup.es\/barcelona\/\",\"name\":\"RMGroup Barcelona\",\"description\":\"Tienda online de bebidas para empresas y aut\u00f3nomos\",\"publisher\":{\"@id\":\"https:\/\/rmgroup.es\/barcelona\/#organization\"},\"potentialAction\":[{\"@type\":\"SearchAction\",\"target\":{\"@type\":\"EntryPoint\",\"urlTemplate\":\"https:\/\/rmgroup.es\/barcelona\/?s={search_term_string}\"},\"query-input\":{\"@type\":\"PropertyValueSpecification\",\"valueRequired\":true,\"valueName\":\"search_term_string\"}}],\"inLanguage\":\"es\"},{\"@type\":\"Organization\",\"@id\":\"https:\/\/rmgroup.es\/barcelona\/#organization\",\"name\":\"RMGroup Barcelona\",\"url\":\"https:\/\/rmgroup.es\/barcelona\/\",\"logo\":{\"@type\":\"ImageObject\",\"inLanguage\":\"es\",\"@id\":\"https:\/\/rmgroup.es\/barcelona\/#\/schema\/logo\/image\/\",\"url\":\"https:\/\/rmgroup.es\/barcelona\/wp-content\/uploads\/sites\/2\/2024\/06\/logo-rmgroup.svg\",\"contentUrl\":\"https:\/\/rmgroup.es\/barcelona\/wp-content\/uploads\/sites\/2\/2024\/06\/logo-rmgroup.svg\",\"width\":474,\"height\":79,\"caption\":\"RMGroup Barcelona\"},\"image\":{\"@id\":\"https:\/\/rmgroup.es\/barcelona\/#\/schema\/logo\/image\/\"}}]}<\/script>\n<!-- \/ Yoast SEO plugin. -->","yoast_head_json":{"title":"Funkin Pina Colada Can 12x200ml 5% - RMGroup Barcelona","robots":{"index":"index","follow":"follow","max-snippet":"max-snippet:-1","max-image-preview":"max-image-preview:large","max-video-preview":"max-video-preview:-1"},"canonical":"https:\/\/rmgroup.es\/barcelona\/producto\/funkin-pina-colada-can-12x200ml-5\/","og_locale":"es_ES","og_type":"article","og_title":"Funkin Pina Colada Can 12x200ml 5% - RMGroup Barcelona","og_description":"C\u00f3ctel de sabor vibrante y textura suave y aterciopelada que mantiene la calidad de un c\u00f3ctel servido en un bar. El Pi\u00f1a Colada combina a...","og_url":"https:\/\/rmgroup.es\/barcelona\/producto\/funkin-pina-colada-can-12x200ml-5\/","og_site_name":"RMGroup Barcelona","article_modified_time":"2026-03-30T12:06:41+00:00","og_image":[{"width":850,"height":850,"url":"https:\/\/rmgroup.es\/barcelona\/wp-content\/uploads\/sites\/2\/2025\/01\/Funkin-Pina-Colada-Can-12x200ml.jpg","type":"image\/jpeg"}],"twitter_card":"summary_large_image","schema":{"@context":"https:\/\/schema.org","@graph":[{"@type":"WebPage","@id":"https:\/\/rmgroup.es\/barcelona\/producto\/funkin-pina-colada-can-12x200ml-5\/","url":"https:\/\/rmgroup.es\/barcelona\/producto\/funkin-pina-colada-can-12x200ml-5\/","name":"Funkin Pina Colada Can 12x200ml 5% - RMGroup Barcelona","isPartOf":{"@id":"https:\/\/rmgroup.es\/barcelona\/#website"},"primaryImageOfPage":{"@id":"https:\/\/rmgroup.es\/barcelona\/producto\/funkin-pina-colada-can-12x200ml-5\/#primaryimage"},"image":{"@id":"https:\/\/rmgroup.es\/barcelona\/producto\/funkin-pina-colada-can-12x200ml-5\/#primaryimage"},"thumbnailUrl":"https:\/\/rmgroup.es\/barcelona\/wp-content\/uploads\/sites\/2\/2025\/01\/Funkin-Pina-Colada-Can-12x200ml.jpg","datePublished":"2026-03-02T14:46:05+00:00","dateModified":"2026-03-30T12:06:41+00:00","breadcrumb":{"@id":"https:\/\/rmgroup.es\/barcelona\/producto\/funkin-pina-colada-can-12x200ml-5\/#breadcrumb"},"inLanguage":"es","potentialAction":[{"@type":"ReadAction","target":["https:\/\/rmgroup.es\/barcelona\/producto\/funkin-pina-colada-can-12x200ml-5\/"]}]},{"@type":"ImageObject","inLanguage":"es","@id":"https:\/\/rmgroup.es\/barcelona\/producto\/funkin-pina-colada-can-12x200ml-5\/#primaryimage","url":"https:\/\/rmgroup.es\/barcelona\/wp-content\/uploads\/sites\/2\/2025\/01\/Funkin-Pina-Colada-Can-12x200ml.jpg","contentUrl":"https:\/\/rmgroup.es\/barcelona\/wp-content\/uploads\/sites\/2\/2025\/01\/Funkin-Pina-Colada-Can-12x200ml.jpg","width":850,"height":850},{"@type":"BreadcrumbList","@id":"https:\/\/rmgroup.es\/barcelona\/producto\/funkin-pina-colada-can-12x200ml-5\/#breadcrumb","itemListElement":[{"@type":"ListItem","position":1,"name":"Portada","item":"https:\/\/rmgroup.es\/barcelona\/"},{"@type":"ListItem","position":2,"name":"Tienda","item":"https:\/\/rmgroup.es\/barcelona\/tienda\/"},{"@type":"ListItem","position":3,"name":"Funkin Pina Colada Can 12x200ml 5%"}]},{"@type":"WebSite","@id":"https:\/\/rmgroup.es\/barcelona\/#website","url":"https:\/\/rmgroup.es\/barcelona\/","name":"RMGroup Barcelona","description":"Tienda online de bebidas para empresas y aut\u00f3nomos","publisher":{"@id":"https:\/\/rmgroup.es\/barcelona\/#organization"},"potentialAction":[{"@type":"SearchAction","target":{"@type":"EntryPoint","urlTemplate":"https:\/\/rmgroup.es\/barcelona\/?s={search_term_string}"},"query-input":{"@type":"PropertyValueSpecification","valueRequired":true,"valueName":"search_term_string"}}],"inLanguage":"es"},{"@type":"Organization","@id":"https:\/\/rmgroup.es\/barcelona\/#organization","name":"RMGroup Barcelona","url":"https:\/\/rmgroup.es\/barcelona\/","logo":{"@type":"ImageObject","inLanguage":"es","@id":"https:\/\/rmgroup.es\/barcelona\/#\/schema\/logo\/image\/","url":"https:\/\/rmgroup.es\/barcelona\/wp-content\/uploads\/sites\/2\/2024\/06\/logo-rmgroup.svg","contentUrl":"https:\/\/rmgroup.es\/barcelona\/wp-content\/uploads\/sites\/2\/2024\/06\/logo-rmgroup.svg","width":474,"height":79,"caption":"RMGroup Barcelona"},"image":{"@id":"https:\/\/rmgroup.es\/barcelona\/#\/schema\/logo\/image\/"}}]}},"_links":{"self":[{"href":"https:\/\/rmgroup.es\/barcelona\/wp-json\/wp\/v2\/product\/12200","targetHints":{"allow":["GET"]}}],"collection":[{"href":"https:\/\/rmgroup.es\/barcelona\/wp-json\/wp\/v2\/product"}],"about":[{"href":"https:\/\/rmgroup.es\/barcelona\/wp-json\/wp\/v2\/types\/product"}],"replies":[{"embeddable":true,"href":"https:\/\/rmgroup.es\/barcelona\/wp-json\/wp\/v2\/comments?post=12200"}],"version-history":[{"count":1,"href":"https:\/\/rmgroup.es\/barcelona\/wp-json\/wp\/v2\/product\/12200\/revisions"}],"predecessor-version":[{"id":12201,"href":"https:\/\/rmgroup.es\/barcelona\/wp-json\/wp\/v2\/product\/12200\/revisions\/12201"}],"wp:featuredmedia":[{"embeddable":true,"href":"https:\/\/rmgroup.es\/barcelona\/wp-json\/wp\/v2\/media\/9956"}],"wp:attachment":[{"href":"https:\/\/rmgroup.es\/barcelona\/wp-json\/wp\/v2\/media?parent=12200"}],"wp:term":[{"taxonomy":"brand","embeddable":true,"href":"https:\/\/rmgroup.es\/barcelona\/wp-json\/wp\/v2\/etheme_brands?post=12200"},{"taxonomy":"product_brand","embeddable":true,"href":"https:\/\/rmgroup.es\/barcelona\/wp-json\/wp\/v2\/product_brand?post=12200"},{"taxonomy":"product_cat","embeddable":true,"href":"https:\/\/rmgroup.es\/barcelona\/wp-json\/wp\/v2\/product_cat?post=12200"},{"taxonomy":"product_tag","embeddable":true,"href":"https:\/\/rmgroup.es\/barcelona\/wp-json\/wp\/v2\/product_tag?post=12200"}],"curies":[{"name":"wp","href":"https:\/\/api.w.org\/{rel}","templated":true}]}}