{"id":12089,"date":"2026-02-17T16:18:04","date_gmt":"2026-02-17T15:18:04","guid":{"rendered":"https:\/\/rmgroup.es\/barcelona\/producto\/gato-negro-sauvignon-blanc-bot-6x75cl\/"},"modified":"2026-03-24T12:06:23","modified_gmt":"2026-03-24T11:06:23","slug":"gato-negro-sauvignon-blanc-bot-6x75cl","status":"publish","type":"product","link":"https:\/\/rmgroup.es\/barcelona\/producto\/gato-negro-sauvignon-blanc-bot-6x75cl\/","title":{"rendered":"Gato Negro Sauvignon Blanc Bot.6x75cl"},"content":{"rendered":"<p>Vino blanco chileno elaborado con uva Sauvignon Blanc, fresco y arom\u00e1tico, con notas c\u00edtricas y herb\u00e1ceas.<\/p>\n","protected":false},"excerpt":{"rendered":"<p>Vino blanco chileno elaborado con uva Sauvignon Blanc, fresco y arom\u00e1tico, con notas c\u00edtricas y herb\u00e1ceas.<\/p>\n","protected":false},"featured_media":11958,"comment_status":"closed","ping_status":"open","template":"","meta":{"_joinchat":[]},"etheme_brands":[{"term_id":332,"name":"GATO NEGRO WINES","slug":"gato-negro-wines","term_group":0,"term_taxonomy_id":332,"taxonomy":"brand","description":"","parent":0,"count":2,"filter":"raw"}],"product_brand":[],"product_cat":[252,253],"product_tag":[],"class_list":{"0":"post-12089","1":"product","2":"type-product","3":"status-publish","4":"has-post-thumbnail","6":"brand-gato-negro-wines","7":"product_cat-bebidas","8":"product_cat-vinos-bebidas","9":"pa_unidades-1-unidad","10":"pa_unidades-1-unidad6-unidades","11":"pa_unidades-6-unidades","13":"first","14":"instock","15":"taxable","16":"shipping-taxable","17":"purchasable","18":"product-type-variable"},"yoast_head":"<!-- This site is optimized with the Yoast SEO plugin v27.2 - https:\/\/yoast.com\/product\/yoast-seo-wordpress\/ -->\n<title>Gato Negro Sauvignon Blanc Bot.6x75cl - RMGroup Barcelona<\/title>\n<meta name=\"robots\" content=\"index, follow, max-snippet:-1, max-image-preview:large, max-video-preview:-1\" \/>\n<link rel=\"canonical\" href=\"https:\/\/rmgroup.es\/barcelona\/producto\/gato-negro-sauvignon-blanc-bot-6x75cl\/\" \/>\n<meta property=\"og:locale\" content=\"es_ES\" \/>\n<meta property=\"og:type\" content=\"article\" \/>\n<meta property=\"og:title\" content=\"Gato Negro Sauvignon Blanc Bot.6x75cl - RMGroup Barcelona\" \/>\n<meta property=\"og:description\" content=\"Vino blanco chileno elaborado con uva Sauvignon Blanc, fresco y arom\u00e1tico, con notas c\u00edtricas y herb\u00e1ceas.\" \/>\n<meta property=\"og:url\" content=\"https:\/\/rmgroup.es\/barcelona\/producto\/gato-negro-sauvignon-blanc-bot-6x75cl\/\" \/>\n<meta property=\"og:site_name\" content=\"RMGroup Barcelona\" \/>\n<meta property=\"article:modified_time\" content=\"2026-03-24T11:06:23+00:00\" \/>\n<meta property=\"og:image\" content=\"https:\/\/rmgroup.es\/barcelona\/wp-content\/uploads\/sites\/2\/2026\/02\/Gato-Negro-Sauvignon-Blanc-Bot.6x75cl-2.png\" \/>\n\t<meta property=\"og:image:width\" content=\"800\" \/>\n\t<meta property=\"og:image:height\" content=\"800\" \/>\n\t<meta property=\"og:image:type\" content=\"image\/png\" \/>\n<meta name=\"twitter:card\" content=\"summary_large_image\" \/>\n<script type=\"application\/ld+json\" class=\"yoast-schema-graph\">{\"@context\":\"https:\/\/schema.org\",\"@graph\":[{\"@type\":\"WebPage\",\"@id\":\"https:\/\/rmgroup.es\/barcelona\/producto\/gato-negro-sauvignon-blanc-bot-6x75cl\/\",\"url\":\"https:\/\/rmgroup.es\/barcelona\/producto\/gato-negro-sauvignon-blanc-bot-6x75cl\/\",\"name\":\"Gato Negro Sauvignon Blanc Bot.6x75cl - RMGroup Barcelona\",\"isPartOf\":{\"@id\":\"https:\/\/rmgroup.es\/barcelona\/#website\"},\"primaryImageOfPage\":{\"@id\":\"https:\/\/rmgroup.es\/barcelona\/producto\/gato-negro-sauvignon-blanc-bot-6x75cl\/#primaryimage\"},\"image\":{\"@id\":\"https:\/\/rmgroup.es\/barcelona\/producto\/gato-negro-sauvignon-blanc-bot-6x75cl\/#primaryimage\"},\"thumbnailUrl\":\"https:\/\/rmgroup.es\/barcelona\/wp-content\/uploads\/sites\/2\/2026\/02\/Gato-Negro-Sauvignon-Blanc-Bot.6x75cl-2.png\",\"datePublished\":\"2026-02-17T15:18:04+00:00\",\"dateModified\":\"2026-03-24T11:06:23+00:00\",\"breadcrumb\":{\"@id\":\"https:\/\/rmgroup.es\/barcelona\/producto\/gato-negro-sauvignon-blanc-bot-6x75cl\/#breadcrumb\"},\"inLanguage\":\"es\",\"potentialAction\":[{\"@type\":\"ReadAction\",\"target\":[\"https:\/\/rmgroup.es\/barcelona\/producto\/gato-negro-sauvignon-blanc-bot-6x75cl\/\"]}]},{\"@type\":\"ImageObject\",\"inLanguage\":\"es\",\"@id\":\"https:\/\/rmgroup.es\/barcelona\/producto\/gato-negro-sauvignon-blanc-bot-6x75cl\/#primaryimage\",\"url\":\"https:\/\/rmgroup.es\/barcelona\/wp-content\/uploads\/sites\/2\/2026\/02\/Gato-Negro-Sauvignon-Blanc-Bot.6x75cl-2.png\",\"contentUrl\":\"https:\/\/rmgroup.es\/barcelona\/wp-content\/uploads\/sites\/2\/2026\/02\/Gato-Negro-Sauvignon-Blanc-Bot.6x75cl-2.png\",\"width\":800,\"height\":800},{\"@type\":\"BreadcrumbList\",\"@id\":\"https:\/\/rmgroup.es\/barcelona\/producto\/gato-negro-sauvignon-blanc-bot-6x75cl\/#breadcrumb\",\"itemListElement\":[{\"@type\":\"ListItem\",\"position\":1,\"name\":\"Portada\",\"item\":\"https:\/\/rmgroup.es\/barcelona\/\"},{\"@type\":\"ListItem\",\"position\":2,\"name\":\"Tienda\",\"item\":\"https:\/\/rmgroup.es\/barcelona\/tienda\/\"},{\"@type\":\"ListItem\",\"position\":3,\"name\":\"Gato Negro Sauvignon Blanc Bot.6x75cl\"}]},{\"@type\":\"WebSite\",\"@id\":\"https:\/\/rmgroup.es\/barcelona\/#website\",\"url\":\"https:\/\/rmgroup.es\/barcelona\/\",\"name\":\"RMGroup Barcelona\",\"description\":\"Tienda online de bebidas para empresas y aut\u00f3nomos\",\"publisher\":{\"@id\":\"https:\/\/rmgroup.es\/barcelona\/#organization\"},\"potentialAction\":[{\"@type\":\"SearchAction\",\"target\":{\"@type\":\"EntryPoint\",\"urlTemplate\":\"https:\/\/rmgroup.es\/barcelona\/?s={search_term_string}\"},\"query-input\":{\"@type\":\"PropertyValueSpecification\",\"valueRequired\":true,\"valueName\":\"search_term_string\"}}],\"inLanguage\":\"es\"},{\"@type\":\"Organization\",\"@id\":\"https:\/\/rmgroup.es\/barcelona\/#organization\",\"name\":\"RMGroup Barcelona\",\"url\":\"https:\/\/rmgroup.es\/barcelona\/\",\"logo\":{\"@type\":\"ImageObject\",\"inLanguage\":\"es\",\"@id\":\"https:\/\/rmgroup.es\/barcelona\/#\/schema\/logo\/image\/\",\"url\":\"https:\/\/rmgroup.es\/barcelona\/wp-content\/uploads\/sites\/2\/2024\/06\/logo-rmgroup.svg\",\"contentUrl\":\"https:\/\/rmgroup.es\/barcelona\/wp-content\/uploads\/sites\/2\/2024\/06\/logo-rmgroup.svg\",\"width\":474,\"height\":79,\"caption\":\"RMGroup Barcelona\"},\"image\":{\"@id\":\"https:\/\/rmgroup.es\/barcelona\/#\/schema\/logo\/image\/\"}}]}<\/script>\n<!-- \/ Yoast SEO plugin. -->","yoast_head_json":{"title":"Gato Negro Sauvignon Blanc Bot.6x75cl - RMGroup Barcelona","robots":{"index":"index","follow":"follow","max-snippet":"max-snippet:-1","max-image-preview":"max-image-preview:large","max-video-preview":"max-video-preview:-1"},"canonical":"https:\/\/rmgroup.es\/barcelona\/producto\/gato-negro-sauvignon-blanc-bot-6x75cl\/","og_locale":"es_ES","og_type":"article","og_title":"Gato Negro Sauvignon Blanc Bot.6x75cl - RMGroup Barcelona","og_description":"Vino blanco chileno elaborado con uva Sauvignon Blanc, fresco y arom\u00e1tico, con notas c\u00edtricas y herb\u00e1ceas.","og_url":"https:\/\/rmgroup.es\/barcelona\/producto\/gato-negro-sauvignon-blanc-bot-6x75cl\/","og_site_name":"RMGroup Barcelona","article_modified_time":"2026-03-24T11:06:23+00:00","og_image":[{"width":800,"height":800,"url":"https:\/\/rmgroup.es\/barcelona\/wp-content\/uploads\/sites\/2\/2026\/02\/Gato-Negro-Sauvignon-Blanc-Bot.6x75cl-2.png","type":"image\/png"}],"twitter_card":"summary_large_image","schema":{"@context":"https:\/\/schema.org","@graph":[{"@type":"WebPage","@id":"https:\/\/rmgroup.es\/barcelona\/producto\/gato-negro-sauvignon-blanc-bot-6x75cl\/","url":"https:\/\/rmgroup.es\/barcelona\/producto\/gato-negro-sauvignon-blanc-bot-6x75cl\/","name":"Gato Negro Sauvignon Blanc Bot.6x75cl - RMGroup Barcelona","isPartOf":{"@id":"https:\/\/rmgroup.es\/barcelona\/#website"},"primaryImageOfPage":{"@id":"https:\/\/rmgroup.es\/barcelona\/producto\/gato-negro-sauvignon-blanc-bot-6x75cl\/#primaryimage"},"image":{"@id":"https:\/\/rmgroup.es\/barcelona\/producto\/gato-negro-sauvignon-blanc-bot-6x75cl\/#primaryimage"},"thumbnailUrl":"https:\/\/rmgroup.es\/barcelona\/wp-content\/uploads\/sites\/2\/2026\/02\/Gato-Negro-Sauvignon-Blanc-Bot.6x75cl-2.png","datePublished":"2026-02-17T15:18:04+00:00","dateModified":"2026-03-24T11:06:23+00:00","breadcrumb":{"@id":"https:\/\/rmgroup.es\/barcelona\/producto\/gato-negro-sauvignon-blanc-bot-6x75cl\/#breadcrumb"},"inLanguage":"es","potentialAction":[{"@type":"ReadAction","target":["https:\/\/rmgroup.es\/barcelona\/producto\/gato-negro-sauvignon-blanc-bot-6x75cl\/"]}]},{"@type":"ImageObject","inLanguage":"es","@id":"https:\/\/rmgroup.es\/barcelona\/producto\/gato-negro-sauvignon-blanc-bot-6x75cl\/#primaryimage","url":"https:\/\/rmgroup.es\/barcelona\/wp-content\/uploads\/sites\/2\/2026\/02\/Gato-Negro-Sauvignon-Blanc-Bot.6x75cl-2.png","contentUrl":"https:\/\/rmgroup.es\/barcelona\/wp-content\/uploads\/sites\/2\/2026\/02\/Gato-Negro-Sauvignon-Blanc-Bot.6x75cl-2.png","width":800,"height":800},{"@type":"BreadcrumbList","@id":"https:\/\/rmgroup.es\/barcelona\/producto\/gato-negro-sauvignon-blanc-bot-6x75cl\/#breadcrumb","itemListElement":[{"@type":"ListItem","position":1,"name":"Portada","item":"https:\/\/rmgroup.es\/barcelona\/"},{"@type":"ListItem","position":2,"name":"Tienda","item":"https:\/\/rmgroup.es\/barcelona\/tienda\/"},{"@type":"ListItem","position":3,"name":"Gato Negro Sauvignon Blanc Bot.6x75cl"}]},{"@type":"WebSite","@id":"https:\/\/rmgroup.es\/barcelona\/#website","url":"https:\/\/rmgroup.es\/barcelona\/","name":"RMGroup Barcelona","description":"Tienda online de bebidas para empresas y aut\u00f3nomos","publisher":{"@id":"https:\/\/rmgroup.es\/barcelona\/#organization"},"potentialAction":[{"@type":"SearchAction","target":{"@type":"EntryPoint","urlTemplate":"https:\/\/rmgroup.es\/barcelona\/?s={search_term_string}"},"query-input":{"@type":"PropertyValueSpecification","valueRequired":true,"valueName":"search_term_string"}}],"inLanguage":"es"},{"@type":"Organization","@id":"https:\/\/rmgroup.es\/barcelona\/#organization","name":"RMGroup Barcelona","url":"https:\/\/rmgroup.es\/barcelona\/","logo":{"@type":"ImageObject","inLanguage":"es","@id":"https:\/\/rmgroup.es\/barcelona\/#\/schema\/logo\/image\/","url":"https:\/\/rmgroup.es\/barcelona\/wp-content\/uploads\/sites\/2\/2024\/06\/logo-rmgroup.svg","contentUrl":"https:\/\/rmgroup.es\/barcelona\/wp-content\/uploads\/sites\/2\/2024\/06\/logo-rmgroup.svg","width":474,"height":79,"caption":"RMGroup Barcelona"},"image":{"@id":"https:\/\/rmgroup.es\/barcelona\/#\/schema\/logo\/image\/"}}]}},"_links":{"self":[{"href":"https:\/\/rmgroup.es\/barcelona\/wp-json\/wp\/v2\/product\/12089","targetHints":{"allow":["GET"]}}],"collection":[{"href":"https:\/\/rmgroup.es\/barcelona\/wp-json\/wp\/v2\/product"}],"about":[{"href":"https:\/\/rmgroup.es\/barcelona\/wp-json\/wp\/v2\/types\/product"}],"replies":[{"embeddable":true,"href":"https:\/\/rmgroup.es\/barcelona\/wp-json\/wp\/v2\/comments?post=12089"}],"version-history":[{"count":1,"href":"https:\/\/rmgroup.es\/barcelona\/wp-json\/wp\/v2\/product\/12089\/revisions"}],"predecessor-version":[{"id":12090,"href":"https:\/\/rmgroup.es\/barcelona\/wp-json\/wp\/v2\/product\/12089\/revisions\/12090"}],"wp:featuredmedia":[{"embeddable":true,"href":"https:\/\/rmgroup.es\/barcelona\/wp-json\/wp\/v2\/media\/11958"}],"wp:attachment":[{"href":"https:\/\/rmgroup.es\/barcelona\/wp-json\/wp\/v2\/media?parent=12089"}],"wp:term":[{"taxonomy":"brand","embeddable":true,"href":"https:\/\/rmgroup.es\/barcelona\/wp-json\/wp\/v2\/etheme_brands?post=12089"},{"taxonomy":"product_brand","embeddable":true,"href":"https:\/\/rmgroup.es\/barcelona\/wp-json\/wp\/v2\/product_brand?post=12089"},{"taxonomy":"product_cat","embeddable":true,"href":"https:\/\/rmgroup.es\/barcelona\/wp-json\/wp\/v2\/product_cat?post=12089"},{"taxonomy":"product_tag","embeddable":true,"href":"https:\/\/rmgroup.es\/barcelona\/wp-json\/wp\/v2\/product_tag?post=12089"}],"curies":[{"name":"wp","href":"https:\/\/api.w.org\/{rel}","templated":true}]}}